{"id":22,"date":"2013-05-31T11:56:39","date_gmt":"2013-05-31T11:56:39","guid":{"rendered":"http:\/\/impreza.us-themes.net\/pages\/contact\/"},"modified":"2024-05-28T15:46:28","modified_gmt":"2024-05-28T12:46:28","slug":"iletisim","status":"publish","type":"page","link":"https:\/\/grupcam.com.tr\/tr\/iletisim\/","title":{"rendered":"\u0130LET\u0130\u015e\u0130M"},"content":{"rendered":"<section class=\"l-section wpb_row height_auto width_full\"><div class=\"l-section-h i-cf\"><div class=\"g-cols vc_row via_flex valign_top type_default stacking_default\"><div class=\"vc_col-sm-12 wpb_column vc_column_container\"><div class=\"vc_column-inner\"><div class=\"wpb_wrapper\"><div class=\"wpb_text_column\"><div class=\"wpb_wrapper\"><p><iframe loading=\"lazy\" style=\"border: 0;\" src=\"https:\/\/www.google.com\/maps\/embed?pb=!1m14!1m8!1m3!1d6130.657409959951!2d32.400448!3d39.799618!3m2!1i1024!2i768!4f13.1!3m3!1m2!1s0x14d34b229d19f42d%3A0x116b2023606eef8f!2sGrupcam!5e0!3m2!1str!2str!4v1690364605157!5m2!1str!2str\" width=\"100%\" height=\"430\" allowfullscreen=\"allowfullscreen\"><\/iframe><\/p>\n<\/div><\/div><\/div><\/div><\/div><\/div><\/div><\/section><section class=\"l-section wpb_row height_custom\"><div class=\"l-section-h i-cf\"><div class=\"g-cols vc_row via_flex valign_top type_default stacking_default\"><div class=\"vc_col-sm-12 wpb_column vc_column_container\"><div class=\"vc_column-inner\"><div class=\"wpb_wrapper\"><div class=\"wpb_text_column\"><div class=\"wpb_wrapper\"><h2 style=\"text-align: center;\">\u0130LET\u0130\u015e\u0130M<\/h2>\n<\/div><\/div><div class=\"w-separator size_medium\"><\/div><div class=\"g-cols wpb_row via_flex valign_top type_default stacking_default\"><div class=\"vc_col-sm-3 wpb_column vc_column_container\"><div class=\"vc_column-inner\"><div class=\"wpb_wrapper\"><div class=\"w-iconbox iletisimicon iconpos_top style_default color_primary align_center\"><div class=\"w-iconbox-icon\" style=\"font-size:2rem;\"><i class=\"fas fa-star\"><\/i><\/div><div class=\"w-iconbox-meta\"><h4 class=\"w-iconbox-title\">ADRES<\/h4><div class=\"w-iconbox-text\"><p>Anadolu OSB Dumlup\u0131nar Cad. No: 10 Mal\u0131k\u00f6y \/ Ankara<\/p>\n<\/div><\/div><\/div><\/div><\/div><\/div><div class=\"vc_col-sm-3 wpb_column vc_column_container\"><div class=\"vc_column-inner\"><div class=\"wpb_wrapper\"><div class=\"w-iconbox iletisimicon iconpos_top style_default color_primary align_center\"><div class=\"w-iconbox-icon\" style=\"font-size:2rem;\"><i class=\"fas fa-star\"><\/i><\/div><div class=\"w-iconbox-meta\"><h4 class=\"w-iconbox-title\">TELEFON<\/h4><div class=\"w-iconbox-text\"><p><a href=\"tel:+903123854940\" target=\"_blank\" rel=\"noopener\">+90 (312) 385 49 40 (Pbx)<\/a><\/p>\n<\/div><\/div><\/div><\/div><\/div><\/div><div class=\"vc_col-sm-3 wpb_column vc_column_container\"><div class=\"vc_column-inner\"><div class=\"wpb_wrapper\"><div class=\"w-iconbox iletisimicon iconpos_top style_default color_primary align_center\"><div class=\"w-iconbox-icon\" style=\"font-size:2rem;\"><i class=\"fas fa-star\"><\/i><\/div><div class=\"w-iconbox-meta\"><h4 class=\"w-iconbox-title\">FAKS<\/h4><div class=\"w-iconbox-text\"><p>+90 (312) 385 49 42<\/p>\n<\/div><\/div><\/div><\/div><\/div><\/div><div class=\"vc_col-sm-3 wpb_column vc_column_container\"><div class=\"vc_column-inner\"><div class=\"wpb_wrapper\"><div class=\"w-iconbox iletisimicon iconpos_top style_default color_primary align_center\"><div class=\"w-iconbox-icon\" style=\"font-size:2rem;\"><i class=\"fas fa-star\"><\/i><\/div><div class=\"w-iconbox-meta\"><h4 class=\"w-iconbox-title\">E_POSTA<\/h4><div class=\"w-iconbox-text\"><p><a href=\"mailto:info@grupcam.com.tr\" target=\"_blank\" rel=\"noopener\">info@grupcam.com.tr<\/a><\/p>\n<\/div><\/div><\/div><\/div><\/div><\/div><\/div><div class=\"w-separator size_huge\"><\/div><div class=\"wpb_text_column\"><div class=\"wpb_wrapper\"><h3 style=\"text-align: center;\">\u0130LET\u0130\u015e\u0130M FORMU<\/h3>\n<\/div><\/div><div class=\"w-separator size_small\"><\/div><div class=\"g-cols wpb_row via_flex valign_top type_default stacking_default\"><div class=\"vc_col-sm-12 wpb_column vc_column_container\"><div class=\"vc_column-inner\"><div class=\"wpb_wrapper\"><form class=\"w-form  layout_ver for_cform us_form_1\" autocomplete=\"off\" action=\"https:\/\/grupcam.com.tr\/tr\/wp-json\/wp\/v2\/pages\/22\" method=\"post\"><div class=\"w-form-h\"><div class=\"w-form-row for_text required cols_3\">\n\t\t<div class=\"w-form-row-field\">\n\t\t\t\t\t\t<input aria-label=\"Ad\u0131n\u0131z Soyad\u0131n\u0131z\" type=\"text\" name=\"us_form_1_text_1\" value placeholder=\"Ad\u0131n\u0131z Soyad\u0131n\u0131z *\" data-required=\"true\" aria-required=\"true\"\/>\n\t\t\t<\/div>\n\t\t<div class=\"w-form-row-state\">Fill out this field<\/div>\n<\/div>\n<div class=\"w-form-row for_email required cols_3\">\n\t\t<div class=\"w-form-row-field\">\n\t\t\t\t\t\t<input aria-label=\"E-Postan\u0131z\" type=\"email\" name=\"us_form_1_email_1\" value placeholder=\"E-Postan\u0131z *\" data-required=\"true\" aria-required=\"true\"\/>\n\t\t\t<\/div>\n\t\t<div class=\"w-form-row-state\">L\u00fctfen ge\u00e7erli bir e-posta adresi yaz\u0131n.<\/div>\n<\/div>\n<div class=\"w-form-row for_text required cols_3\">\n\t\t<div class=\"w-form-row-field\">\n\t\t\t\t\t\t<input aria-label=\"Telefon Numaran\u0131z\" type=\"text\" name=\"us_form_1_text_2\" value placeholder=\"Telefon Numaran\u0131z *\" data-required=\"true\" aria-required=\"true\"\/>\n\t\t\t<\/div>\n\t\t<div class=\"w-form-row-state\">Fill out this field<\/div>\n<\/div>\n<div class=\"w-form-row for_textarea required\">\n\t\t<div class=\"w-form-row-field\">\n\t\t\t\t\t\t<textarea aria-label=\"Mesaj\u0131n\u0131z\" name=\"us_form_1_textarea_1\" placeholder=\"Mesaj\u0131n\u0131z *\" data-required=\"true\" aria-required=\"true\"><\/textarea>\n\t\t\t<\/div>\n\t\t<div class=\"w-form-row-state\">Fill out this field<\/div>\n<\/div>\n<div class=\"w-form-row for_info\">\n\t<p>Gizlilik Bildirimi  E-posta ve di\u011fer bilgilerinizi, bildirimlerimizi size iletmek, 6698 say\u0131l\u0131 Ki\u015fisel Verilerin Korunmas\u0131 Kanunu'nun 5 ve 6 \u0131nc\u0131 maddeleri kapsam\u0131nda i\u015flemek i\u00e7in istemekteyiz. Bu bilgiler gizli kalacak ve r\u0131zan\u0131za ba\u011fl\u0131 ilgili taraflara aktar\u0131lacakt\u0131r. Detayl\u0131 bilgi i\u00e7in <a href=\"https:\/\/grupcam.com.tr\/wp-content\/uploads\/2024\/05\/ziyaretci-aydinlatma-metni.pdf\" target=\"_blank\">Ayd\u0131nlatma Metnini t\u0131klay\u0131n\u0131z.<\/a><\/p>\n<\/div>\n<div class=\"w-form-row for_radio has_label\">\n\t\t\t<div class=\"w-form-row-label\">\n\t\t\t<span>6698 Say\u0131l\u0131 Ki\u015fisel Verilerin Korunmas\u0131 Kanunu kapsam\u0131nda M\u00fc\u015fteri Ayd\u0131nlatma Metnini okudum, anlad\u0131m. Ki\u015fisel verilerimin i\u015flenmesine, payla\u015f\u0131lmas\u0131na, gerekti\u011finde ba\u015fvuru, d\u00fczeltme ve silme hakk\u0131m oldu\u011funu anlad\u0131\u011f\u0131m\u0131 beyan eder, ayd\u0131nlat\u0131lm\u0131\u015f a\u00e7\u0131k r\u0131zam ile onay veririm.<\/span>\n\t\t<\/div>\n\t\t<div class=\"w-form-row-field\">\n\t\t\t\t\t<label>\n\t\t\t\t<input type=\"radio\" name=\"us_form_1_radio_1\" value=\"Onay Veriyorum\" checked='checked'\/>\n\t\t\t\t<span>Onay Veriyorum<\/span>\n\t\t\t<\/label>\n\t\t\t\t\t\t<label>\n\t\t\t\t<input type=\"radio\" name=\"us_form_1_radio_1\" value=\"Onay Vermiyorum\"\/>\n\t\t\t\t<span>Onay Vermiyorum<\/span>\n\t\t\t<\/label>\n\t\t\t\t<\/div>\n\t\t<div class=\"w-form-row-state\">Select an option<\/div>\n<\/div>\n<input type=\"hidden\" name=\"action\" value=\"us_ajax_cform\" \/>\n<input type=\"hidden\" name=\"post_id\" value=\"0\" \/>\n<input type=\"hidden\" name=\"form_index\" value=\"1\" \/>\n<div class=\"w-form-row for_submit  align_center\">\n\t<button class=\"w-btn  us-btn-style_1\" aria-label=\"G\u00f6nder\" type=\"submit\">\n\t\t<span class=\"g-preloader type_1\"><\/span>\n\t\t\t\t<span class=\"w-btn-label\">G\u00f6nder<\/span>\n\t\t\t<\/button>\n\t<\/div>\n<\/div><div class=\"w-form-message\"><\/div><div class=\"w-form-json hidden\" onclick='return {&quot;ajaxurl&quot;:&quot;https:\\\/\\\/grupcam.com.tr\\\/wp-admin\\\/admin-ajax.php&quot;,&quot;messages&quot;:{&quot;err_empty&quot;:&quot;Fill out this field&quot;,&quot;err_size&quot;:&quot;File size cannot exceed %s MB&quot;,&quot;err_extension&quot;:&quot;%s file type is not allowed&quot;}}'><\/div><\/form><div class=\"w-separator size_small\"><\/div><div class=\"wpb_text_column\"><div class=\"wpb_wrapper\"><p>Bizimle ileti\u015fiminiz s\u0131ras\u0131nda a\u015fa\u011f\u0131da s\u0131ralanan \u00f6zel nitelikli ki\u015fisel payla\u015fmad\u0131\u011f\u0131n\u0131zdan emin olman\u0131z\u0131 rica ederiz:<\/p>\n<ul>\n<li>\u0131rk,<\/li>\n<li>etnik k\u00f6ken,<\/li>\n<li>siyasi d\u00fc\u015f\u00fcnce,<\/li>\n<li>felsefi inan\u00e7,<\/li>\n<li>din, mezhep veya di\u011fer inan\u00e7lar,<\/li>\n<li>k\u0131l\u0131k ve k\u0131yafet,<\/li>\n<li>dernek, vak\u0131f ya da sendika \u00fcyeli\u011fi,<\/li>\n<li>sa\u011fl\u0131k, cinsel hayata ili\u015fkin veriler,<\/li>\n<li>ceza mahk\u00fbmiyeti ve g\u00fcvenlik tedbirleriyle ilgili veriler,<\/li>\n<li>biyometrik ve genetik veriler.<\/li>\n<\/ul>\n<\/div><\/div><\/div><\/div><\/div><\/div><div class=\"w-separator size_large\"><\/div><div class=\"wpb_text_column\"><div class=\"wpb_wrapper\"><h3 style=\"text-align: center;\">B\u0130Z\u0130 TAK\u0130P ED\u0130N<\/h3>\n<\/div><\/div><div class=\"w-separator size_small\"><\/div><div class=\"w-socials us_custom_4621708f color_text shape_circle style_solid hover_fade\" style=\"--gap:0.2em;\"><div class=\"w-socials-list\"><div class=\"w-socials-item linkedin\"><a target=\"_blank\" rel=\"nofollow\" href=\"https:\/\/www.linkedin.com\/company\/grupcam\/\" class=\"w-socials-item-link\" title=\"LinkedIn\" aria-label=\"LinkedIn\"><span class=\"w-socials-item-link-hover\"><\/span><i class=\"fab fa-linkedin\"><\/i><\/a><\/div><div class=\"w-socials-item instagram\"><a target=\"_blank\" rel=\"nofollow\" href=\"https:\/\/www.instagram.com\/grupcam\/\" class=\"w-socials-item-link\" title=\"Instagram\" aria-label=\"Instagram\"><span class=\"w-socials-item-link-hover\"><\/span><i class=\"fab fa-instagram\"><\/i><\/a><\/div><div class=\"w-socials-item facebook\"><a target=\"_blank\" rel=\"nofollow\" href=\"https:\/\/www.facebook.com\/grupcamankara\" class=\"w-socials-item-link\" title=\"Facebook\" aria-label=\"Facebook\"><span class=\"w-socials-item-link-hover\"><\/span><i class=\"fab fa-facebook\"><\/i><\/a><\/div><div class=\"w-socials-item twitter\"><a target=\"_blank\" rel=\"nofollow\" href=\"https:\/\/twitter.com\/grupcamankara\" class=\"w-socials-item-link\" title=\"Twitter\" aria-label=\"Twitter\"><span class=\"w-socials-item-link-hover\"><\/span><i class=\"fab fa-twitter\"><\/i><\/a><\/div><\/div><\/div><div class=\"w-separator size_large\"><\/div><div class=\"wpb_text_column us_custom_114a057e\"><div class=\"wpb_wrapper\"><p><img loading=\"lazy\" decoding=\"async\" class=\"wp-image-8125 aligncenter\" src=\"https:\/\/grupcam.com.tr\/wp-content\/uploads\/2023\/07\/footerlogo-1.jpg\" alt=\"\" width=\"487\" height=\"29\" srcset=\"https:\/\/grupcam.com.tr\/wp-content\/uploads\/2023\/07\/footerlogo-1.jpg 1909w, https:\/\/grupcam.com.tr\/wp-content\/uploads\/2023\/07\/footerlogo-1-300x18.jpg 300w, https:\/\/grupcam.com.tr\/wp-content\/uploads\/2023\/07\/footerlogo-1-1024x62.jpg 1024w, https:\/\/grupcam.com.tr\/wp-content\/uploads\/2023\/07\/footerlogo-1-1536x93.jpg 1536w\" sizes=\"auto, (max-width: 487px) 100vw, 487px\" \/><\/p>\n<\/div><\/div><\/div><\/div><\/div><\/div><\/div><\/section>\n","protected":false},"excerpt":{"rendered":"\u0130LET\u0130\u015e\u0130M ADRESAnadolu OSB Dumlup\u0131nar Cad. No: 10 Mal\u0131k\u00f6y \/ Ankara TELEFON+90 (312) 385 49 40 (Pbx) FAKS+90 (312) 385 49 42 E_POSTAinfo@grupcam.com.tr \u0130LET\u0130\u015e\u0130M FORMU Fill out this field L\u00fctfen ge\u00e7erli bir e-posta adresi yaz\u0131n. Fill out this field Fill out this field Gizlilik Bildirimi E-posta ve di\u011fer bilgilerinizi, bildirimlerimizi size iletmek, 6698 say\u0131l\u0131 Ki\u015fisel Verilerin...","protected":false},"author":1,"featured_media":0,"parent":0,"menu_order":0,"comment_status":"closed","ping_status":"closed","template":"","meta":{"_acf_changed":false,"footnotes":""},"class_list":["post-22","page","type-page","status-publish","hentry"],"acf":[],"_links":{"self":[{"href":"https:\/\/grupcam.com.tr\/tr\/wp-json\/wp\/v2\/pages\/22","targetHints":{"allow":["GET"]}}],"collection":[{"href":"https:\/\/grupcam.com.tr\/tr\/wp-json\/wp\/v2\/pages"}],"about":[{"href":"https:\/\/grupcam.com.tr\/tr\/wp-json\/wp\/v2\/types\/page"}],"author":[{"embeddable":true,"href":"https:\/\/grupcam.com.tr\/tr\/wp-json\/wp\/v2\/users\/1"}],"replies":[{"embeddable":true,"href":"https:\/\/grupcam.com.tr\/tr\/wp-json\/wp\/v2\/comments?post=22"}],"version-history":[{"count":11,"href":"https:\/\/grupcam.com.tr\/tr\/wp-json\/wp\/v2\/pages\/22\/revisions"}],"predecessor-version":[{"id":9224,"href":"https:\/\/grupcam.com.tr\/tr\/wp-json\/wp\/v2\/pages\/22\/revisions\/9224"}],"wp:attachment":[{"href":"https:\/\/grupcam.com.tr\/tr\/wp-json\/wp\/v2\/media?parent=22"}],"curies":[{"name":"wp","href":"https:\/\/api.w.org\/{rel}","templated":true}]}}