{"id":6635,"date":"2019-05-10T14:40:15","date_gmt":"2019-05-10T11:40:15","guid":{"rendered":"http:\/\/impreza.us-themes.com\/?page_id=6635"},"modified":"2023-08-04T10:22:27","modified_gmt":"2023-08-04T07:22:27","slug":"anasayfa","status":"publish","type":"page","link":"https:\/\/grupcam.com.tr\/tr\/","title":{"rendered":"ANASAYFA"},"content":{"rendered":"<section class=\"l-section wpb_row height_auto width_full\"><div class=\"l-section-h i-cf\"><div class=\"g-cols vc_row via_flex valign_top type_default stacking_default\"><div class=\"vc_col-sm-12 wpb_column vc_column_container\"><div class=\"vc_column-inner\"><div class=\"wpb_wrapper\">\n\t\t\t<!-- START slidertr REVOLUTION SLIDER 6.6.14 --><p class=\"rs-p-wp-fix\"><\/p>\n\t\t\t<rs-module-wrap id=\"rev_slider_1_1_wrapper\" data-source=\"gallery\" style=\"visibility:hidden;background:transparent;padding:0;\">\n\t\t\t\t<rs-module id=\"rev_slider_1_1\" style=\"\" data-version=\"6.6.14\">\n\t\t\t\t\t<rs-slides style=\"overflow: hidden; position: absolute;\">\n\t\t\t\t\t\t<rs-slide style=\"position: absolute;\" data-key=\"rs-1\" data-title=\"Slide\" data-thumb=\"\/\/grupcam.com.tr\/wp-content\/uploads\/2023\/11\/slider-y-01-50x100.jpg\" data-duration=\"6000ms\" data-in=\"o:0;\" data-out=\"a:false;\">\n\t\t\t\t\t\t\t<img decoding=\"async\" src=\"\/\/grupcam.com.tr\/wp-content\/plugins\/revslider\/public\/assets\/assets\/dummy.png\" alt=\"\" title=\"slider-y-01\" width=\"1920\" height=\"1080\" class=\"rev-slidebg tp-rs-img rs-lazyload\" data-lazyload=\"\/\/grupcam.com.tr\/wp-content\/uploads\/2023\/11\/slider-y-01.jpg\" data-no-retina>\n<!--\n\t\t\t\t\t\t\t--><a\n\t\t\t\t\t\t\t\tid=\"slider-1-slide-1-layer-0\" \n\t\t\t\t\t\t\t\tclass=\"rs-layer rev-btn\"\n\t\t\t\t\t\t\t\thref=\"https:\/\/grupcam.com.tr\/tr\/tum-urunler\/\" target=\"_self\"\n\t\t\t\t\t\t\t\tdata-type=\"button\"\n\t\t\t\t\t\t\t\tdata-rsp_ch=\"on\"\n\t\t\t\t\t\t\t\tdata-xy=\"x:l,l,c,c;xo:100px,100px,0,0;y:b;yo:80px,80px,40px,36px;\"\n\t\t\t\t\t\t\t\tdata-text=\"w:normal;s:18,18,20,18;l:50,50,30,30;\"\n\t\t\t\t\t\t\t\tdata-dim=\"minh:0px,0px,none,none;\"\n\t\t\t\t\t\t\t\tdata-padding=\"r:40,40,16,10;l:40,40,16,10;\"\n\t\t\t\t\t\t\t\tdata-border=\"bor:3px,3px,3px,3px;\"\n\t\t\t\t\t\t\t\tdata-frame_0=\"y:50,50,19,11;\"\n\t\t\t\t\t\t\t\tdata-frame_1=\"st:740;sp:1000;sR:740;\"\n\t\t\t\t\t\t\t\tdata-frame_999=\"o:0;st:w;sR:7260;\"\n\t\t\t\t\t\t\t\tdata-frame_hover=\"bgc:#000;bor:3px,3px,3px,3px;sp:100;e:power1.inOut;bri:120%;\"\n\t\t\t\t\t\t\t\tstyle=\"z-index:8;background-color:#cf5233;font-family:'Roboto';\"\n\t\t\t\t\t\t\t>DETAYLAR  <i class=\"fa-chevron-right\"><\/i> \n\t\t\t\t\t\t\t<\/a><!--\n\n\t\t\t\t\t\t\t--><rs-layer\n\t\t\t\t\t\t\t\tid=\"slider-1-slide-1-layer-1\" \n\t\t\t\t\t\t\t\tdata-type=\"text\"\n\t\t\t\t\t\t\t\tdata-rsp_ch=\"on\"\n\t\t\t\t\t\t\t\tdata-xy=\"x:l,l,c,c;xo:100px,100px,0,0;y:b;yo:140px,140px,80px,70px;\"\n\t\t\t\t\t\t\t\tdata-text=\"w:normal;s:30;l:34;fw:700;\"\n\t\t\t\t\t\t\t\tdata-border=\"bos:solid;bow:0px,0,0,0;\"\n\t\t\t\t\t\t\t\tdata-frame_0=\"y:-50,-50,-19,-11;\"\n\t\t\t\t\t\t\t\tdata-frame_1=\"st:370;sp:1000;sR:370;\"\n\t\t\t\t\t\t\t\tdata-frame_999=\"o:0;st:w;sR:7630;\"\n\t\t\t\t\t\t\t\tstyle=\"z-index:9;font-family:'Roboto';text-shadow:0px 0px 10px rgba(0,0,0,0.8);\"\n\t\t\t\t\t\t\t>\u00dcR\u00dcNLER \n\t\t\t\t\t\t\t<\/rs-layer><!--\n-->\t\t\t\t\t\t<\/rs-slide>\n\t\t\t\t\t\t<rs-slide style=\"position: absolute;\" data-key=\"rs-3\" data-title=\"Slide\" data-thumb=\"\/\/grupcam.com.tr\/wp-content\/uploads\/2023\/11\/slider-y-02-50x100.jpg\" data-duration=\"6000ms\" data-in=\"o:0;\" data-out=\"a:false;\">\n\t\t\t\t\t\t\t<img decoding=\"async\" src=\"\/\/grupcam.com.tr\/wp-content\/plugins\/revslider\/public\/assets\/assets\/dummy.png\" alt=\"\" title=\"slider-y-02\" width=\"1920\" height=\"1080\" class=\"rev-slidebg tp-rs-img rs-lazyload\" data-lazyload=\"\/\/grupcam.com.tr\/wp-content\/uploads\/2023\/11\/slider-y-02.jpg\" data-no-retina>\n<!--\n\t\t\t\t\t\t\t--><a\n\t\t\t\t\t\t\t\tid=\"slider-1-slide-3-layer-0\" \n\t\t\t\t\t\t\t\tclass=\"rs-layer rev-btn\"\n\t\t\t\t\t\t\t\thref=\"https:\/\/grupcam.com.tr\/tr\/tum-urunler\/\" target=\"_self\"\n\t\t\t\t\t\t\t\tdata-type=\"button\"\n\t\t\t\t\t\t\t\tdata-rsp_ch=\"on\"\n\t\t\t\t\t\t\t\tdata-xy=\"x:l,l,c,c;xo:100px,100px,0,0;y:b;yo:80px,80px,40px,36px;\"\n\t\t\t\t\t\t\t\tdata-text=\"w:normal;s:18,18,20,18;l:50,50,30,30;\"\n\t\t\t\t\t\t\t\tdata-dim=\"minh:0px,0px,none,none;\"\n\t\t\t\t\t\t\t\tdata-padding=\"r:40,40,16,10;l:40,40,16,10;\"\n\t\t\t\t\t\t\t\tdata-border=\"bor:3px,3px,3px,3px;\"\n\t\t\t\t\t\t\t\tdata-frame_0=\"y:50,50,19,11;\"\n\t\t\t\t\t\t\t\tdata-frame_1=\"st:740;sp:1000;sR:740;\"\n\t\t\t\t\t\t\t\tdata-frame_999=\"o:0;st:w;sR:7260;\"\n\t\t\t\t\t\t\t\tdata-frame_hover=\"bgc:#000;bor:3px,3px,3px,3px;sp:100;e:power1.inOut;bri:120%;\"\n\t\t\t\t\t\t\t\tstyle=\"z-index:8;background-color:#cf5233;font-family:'Roboto';\"\n\t\t\t\t\t\t\t>DETAYLAR  <i class=\"fa-chevron-right\"><\/i> \n\t\t\t\t\t\t\t<\/a><!--\n\n\t\t\t\t\t\t\t--><rs-layer\n\t\t\t\t\t\t\t\tid=\"slider-1-slide-3-layer-1\" \n\t\t\t\t\t\t\t\tdata-type=\"text\"\n\t\t\t\t\t\t\t\tdata-rsp_ch=\"on\"\n\t\t\t\t\t\t\t\tdata-xy=\"x:l,l,c,c;xo:100px,100px,0,0;y:b;yo:140px,140px,80px,70px;\"\n\t\t\t\t\t\t\t\tdata-text=\"w:normal;s:30;l:34;fw:700;\"\n\t\t\t\t\t\t\t\tdata-border=\"bos:solid;bow:0px,0,0,0;\"\n\t\t\t\t\t\t\t\tdata-frame_0=\"y:-50,-50,-19,-11;\"\n\t\t\t\t\t\t\t\tdata-frame_1=\"st:370;sp:1000;sR:370;\"\n\t\t\t\t\t\t\t\tdata-frame_999=\"o:0;st:w;sR:7630;\"\n\t\t\t\t\t\t\t\tstyle=\"z-index:9;font-family:'Roboto';text-shadow:0px 0px 10px rgba(0,0,0,0.8);\"\n\t\t\t\t\t\t\t>\u00dcR\u00dcNLER \n\t\t\t\t\t\t\t<\/rs-layer><!--\n-->\t\t\t\t\t\t<\/rs-slide>\n\t\t\t\t\t<\/rs-slides>\n\t\t\t\t<\/rs-module>\n\t\t\t\t<script>\n\t\t\t\t\tsetREVStartSize({c: 'rev_slider_1_1',rl:[1240,1240,778,480],el:[900,900,960,720],gw:[1920,1920,778,480],gh:[900,900,960,720],type:'standard',justify:'',layout:'fullscreen',offsetContainer:'',offset:'',mh:\"0\"});if (window.RS_MODULES!==undefined && window.RS_MODULES.modules!==undefined && window.RS_MODULES.modules[\"revslider11\"]!==undefined) {window.RS_MODULES.modules[\"revslider11\"].once = false;window.revapi1 = undefined;if (window.RS_MODULES.checkMinimal!==undefined) window.RS_MODULES.checkMinimal()}\n\t\t\t\t<\/script>\n\t\t\t<\/rs-module-wrap>\n\t\t\t<!-- END REVOLUTION SLIDER -->\n<\/div><\/div><\/div><\/div><\/div><\/section>\n","protected":false},"excerpt":{"rendered":"DETAYLAR \u00dcR\u00dcNLER DETAYLAR \u00dcR\u00dcNLER","protected":false},"author":1,"featured_media":0,"parent":0,"menu_order":0,"comment_status":"closed","ping_status":"closed","template":"","meta":{"_acf_changed":false,"footnotes":""},"class_list":["post-6635","page","type-page","status-publish","hentry"],"acf":[],"_links":{"self":[{"href":"https:\/\/grupcam.com.tr\/tr\/wp-json\/wp\/v2\/pages\/6635","targetHints":{"allow":["GET"]}}],"collection":[{"href":"https:\/\/grupcam.com.tr\/tr\/wp-json\/wp\/v2\/pages"}],"about":[{"href":"https:\/\/grupcam.com.tr\/tr\/wp-json\/wp\/v2\/types\/page"}],"author":[{"embeddable":true,"href":"https:\/\/grupcam.com.tr\/tr\/wp-json\/wp\/v2\/users\/1"}],"replies":[{"embeddable":true,"href":"https:\/\/grupcam.com.tr\/tr\/wp-json\/wp\/v2\/comments?post=6635"}],"version-history":[{"count":4,"href":"https:\/\/grupcam.com.tr\/tr\/wp-json\/wp\/v2\/pages\/6635\/revisions"}],"predecessor-version":[{"id":8401,"href":"https:\/\/grupcam.com.tr\/tr\/wp-json\/wp\/v2\/pages\/6635\/revisions\/8401"}],"wp:attachment":[{"href":"https:\/\/grupcam.com.tr\/tr\/wp-json\/wp\/v2\/media?parent=6635"}],"curies":[{"name":"wp","href":"https:\/\/api.w.org\/{rel}","templated":true}]}}