{"id":7995,"date":"2023-07-26T14:48:16","date_gmt":"2023-07-26T11:48:16","guid":{"rendered":"https:\/\/grupcam.com.tr\/?page_id=7995"},"modified":"2025-10-09T13:04:41","modified_gmt":"2025-10-09T10:04:41","slug":"kalite","status":"publish","type":"page","link":"https:\/\/grupcam.com.tr\/tr\/kalite\/","title":{"rendered":"KAL\u0130TE"},"content":{"rendered":"<section class=\"l-section wpb_row us_custom_3e1e967c height_custom with_img\"><div class=\"l-section-img\" role=\"img\" data-img-width=\"1920\" data-img-height=\"450\" style=\"background-image: url(https:\/\/grupcam.com.tr\/wp-content\/uploads\/2024\/01\/kalite-img.jpg);\"><\/div><div class=\"l-section-h i-cf\"><div class=\"g-cols vc_row via_flex valign_top type_default stacking_default\"><div class=\"vc_col-sm-12 wpb_column vc_column_container\"><div class=\"vc_column-inner\"><div class=\"wpb_wrapper\"><\/div><\/div><\/div><\/div><\/div><\/section><section class=\"l-section wpb_row height_custom\"><div class=\"l-section-h i-cf\"><div class=\"g-cols vc_row via_flex valign_top type_default stacking_default\"><div class=\"vc_col-sm-12 wpb_column vc_column_container\"><div class=\"vc_column-inner\"><div class=\"wpb_wrapper\"><div class=\"wpb_text_column\"><div class=\"wpb_wrapper\"><h2 style=\"text-align: center;\">KAL\u0130TE<\/h2>\n<\/div><\/div><div class=\"w-separator size_medium\"><\/div><div class=\"g-cols wpb_row via_flex valign_top type_default stacking_default\"><div class=\"vc_col-sm-3 wpb_column vc_column_container\"><div class=\"vc_column-inner\"><div class=\"wpb_wrapper\"><a class=\"w-flipbox kalitebelge animation_cardflip direction_e\" href=\"\/iletisim\"><div class=\"w-flipbox-h easing_ease\" style=\"transition-duration:0.5s;\"><div class=\"w-flipbox-hh\"><div class=\"w-flipbox-front us_custom_059d68a5\" style=\"background-image:url(https:\/\/grupcam.com.tr\/wp-content\/uploads\/2023\/08\/cer-01.jpg);\"><div class=\"w-flipbox-front-h\"><div class=\"w-flipbox-front-title\" style=\"font-size:16px;\">ISO 9001:2015 Kalite Y\u00f6netim Sistemi<\/div><\/div><\/div><div class=\"w-flipbox-back us_custom_059d68a5\" style=\"display:none;background:var(--color-content-primary);color:#ffffff;\"><div class=\"w-flipbox-back-h\"><div class=\"w-flipbox-back-title\">Bizimle \u0130rtibata Ge\u00e7in<\/div><\/div><\/div><\/div><\/div><\/a><\/div><\/div><\/div><div class=\"vc_col-sm-3 wpb_column vc_column_container\"><div class=\"vc_column-inner\"><div class=\"wpb_wrapper\"><a class=\"w-flipbox kalitebelge animation_cardflip direction_e\" href=\"\/iletisim\"><div class=\"w-flipbox-h easing_ease\" style=\"transition-duration:0.5s;\"><div class=\"w-flipbox-hh\"><div class=\"w-flipbox-front us_custom_059d68a5\" style=\"background-image:url(https:\/\/grupcam.com.tr\/wp-content\/uploads\/2023\/08\/cer-04.jpg);\"><div class=\"w-flipbox-front-h\"><div class=\"w-flipbox-front-title\" style=\"font-size:16px;\">\u015ei\u015fecam Kaplamal\u0131 Cam \u0130\u015fleme Belgesi<\/div><\/div><\/div><div class=\"w-flipbox-back us_custom_059d68a5\" style=\"display:none;background:var(--color-content-primary);color:#ffffff;\"><div class=\"w-flipbox-back-h\"><div class=\"w-flipbox-back-title\">Bizimle \u0130rtibata Ge\u00e7in<\/div><\/div><\/div><\/div><\/div><\/a><\/div><\/div><\/div><div class=\"vc_col-sm-3 wpb_column vc_column_container\"><div class=\"vc_column-inner\"><div class=\"wpb_wrapper\"><a class=\"w-flipbox kalitebelge animation_cardflip direction_e\" href=\"\/iletisim\"><div class=\"w-flipbox-h easing_ease\" style=\"transition-duration:0.5s;\"><div class=\"w-flipbox-hh\"><div class=\"w-flipbox-front us_custom_059d68a5\" style=\"background-image:url(https:\/\/grupcam.com.tr\/wp-content\/uploads\/2023\/08\/cer-04.jpg);\"><div class=\"w-flipbox-front-h\"><div class=\"w-flipbox-front-title\" style=\"font-size:16px;\">\u015ei\u015fecam Yetkili \u00dcreticilik Belgesi<\/div><\/div><\/div><div class=\"w-flipbox-back us_custom_059d68a5\" style=\"display:none;background:var(--color-content-primary);color:#ffffff;\"><div class=\"w-flipbox-back-h\"><div class=\"w-flipbox-back-title\">Bizimle \u0130rtibata Ge\u00e7in<\/div><\/div><\/div><\/div><\/div><\/a><\/div><\/div><\/div><div class=\"vc_col-sm-3 wpb_column vc_column_container\"><div class=\"vc_column-inner\"><div class=\"wpb_wrapper\"><a class=\"w-flipbox kalitebelge animation_cardflip direction_e\" href=\"\/iletisim\"><div class=\"w-flipbox-h easing_ease\" style=\"transition-duration:0.5s;\"><div class=\"w-flipbox-hh\"><div class=\"w-flipbox-front us_custom_059d68a5\" style=\"background-image:url(https:\/\/grupcam.com.tr\/wp-content\/uploads\/2023\/08\/cer-03.jpg);\"><div class=\"w-flipbox-front-h\"><div class=\"w-flipbox-front-title\" style=\"font-size:16px;\">Guardian Akreditasyon Sertifikas\u0131<\/div><\/div><\/div><div class=\"w-flipbox-back us_custom_059d68a5\" style=\"display:none;background:var(--color-content-primary);color:#ffffff;\"><div class=\"w-flipbox-back-h\"><div class=\"w-flipbox-back-title\">Bizimle \u0130rtibata Ge\u00e7in<\/div><\/div><\/div><\/div><\/div><\/a><\/div><\/div><\/div><\/div><div class=\"w-separator size_medium\"><\/div><div class=\"g-cols wpb_row via_flex valign_top type_default stacking_default\"><div class=\"vc_col-sm-3 wpb_column vc_column_container\"><div class=\"vc_column-inner\"><div class=\"wpb_wrapper\"><a class=\"w-flipbox kalitebelge animation_cardflip direction_e\" href=\"\/iletisim\"><div class=\"w-flipbox-h easing_ease\" style=\"transition-duration:0.5s;\"><div class=\"w-flipbox-hh\"><div class=\"w-flipbox-front us_custom_059d68a5\" style=\"background-image:url(https:\/\/grupcam.com.tr\/wp-content\/uploads\/2025\/10\/igcc-logo.jpg);\"><div class=\"w-flipbox-front-h\"><div class=\"w-flipbox-front-title\" style=\"font-size:16px;\">Insulat\u0131ng Glass Certification Counc\u0131l<\/div><\/div><\/div><div class=\"w-flipbox-back us_custom_059d68a5\" style=\"display:none;background:var(--color-content-primary);color:#ffffff;\"><div class=\"w-flipbox-back-h\"><div class=\"w-flipbox-back-title\">Bizimle \u0130rtibata Ge\u00e7in<\/div><\/div><\/div><\/div><\/div><\/a><\/div><\/div><\/div><div class=\"vc_col-sm-3 wpb_column vc_column_container\"><div class=\"vc_column-inner\"><div class=\"wpb_wrapper\"><a class=\"w-flipbox kalitebelge animation_cardflip direction_e\" href=\"\/iletisim\"><div class=\"w-flipbox-h easing_ease\" style=\"transition-duration:0.5s;\"><div class=\"w-flipbox-hh\"><div class=\"w-flipbox-front us_custom_059d68a5\" style=\"background-image:url(https:\/\/grupcam.com.tr\/wp-content\/uploads\/2023\/08\/cer-02.jpg);\"><div class=\"w-flipbox-front-h\"><div class=\"w-flipbox-front-title\" style=\"font-size:16px;\">CE Uygunluk Beyan\u0131<\/div><\/div><\/div><div class=\"w-flipbox-back us_custom_059d68a5\" style=\"display:none;background:var(--color-content-primary);color:#ffffff;\"><div class=\"w-flipbox-back-h\"><div class=\"w-flipbox-back-title\">Bizimle \u0130rtibata Ge\u00e7in<\/div><\/div><\/div><\/div><\/div><\/a><\/div><\/div><\/div><div class=\"vc_col-sm-3 wpb_column vc_column_container\"><div class=\"vc_column-inner\"><div class=\"wpb_wrapper\"><a class=\"w-flipbox kalitebelge animation_cardflip direction_e\" href=\"\/iletisim\"><div class=\"w-flipbox-h easing_ease\" style=\"transition-duration:0.5s;\"><div class=\"w-flipbox-hh\"><div class=\"w-flipbox-front us_custom_059d68a5\" style=\"background-image:url(https:\/\/grupcam.com.tr\/wp-content\/uploads\/2023\/08\/cer-06.jpg);\"><div class=\"w-flipbox-front-h\"><div class=\"w-flipbox-front-title\" style=\"font-size:16px;\">TSE \u00dcr\u00fcn Belgesi<\/div><\/div><\/div><div class=\"w-flipbox-back us_custom_059d68a5\" style=\"display:none;background:var(--color-content-primary);color:#ffffff;\"><div class=\"w-flipbox-back-h\"><div class=\"w-flipbox-back-title\">Bizimle \u0130rtibata Ge\u00e7in<\/div><\/div><\/div><\/div><\/div><\/a><\/div><\/div><\/div><div class=\"vc_col-sm-3 wpb_column vc_column_container\"><div class=\"vc_column-inner\"><div class=\"wpb_wrapper\"><a class=\"w-flipbox kalitebelge animation_cardflip direction_e\" href=\"\/iletisim\"><div class=\"w-flipbox-h easing_ease\" style=\"transition-duration:0.5s;\"><div class=\"w-flipbox-hh\"><div class=\"w-flipbox-front us_custom_059d68a5\" style=\"background-image:url(https:\/\/grupcam.com.tr\/wp-content\/uploads\/2023\/08\/cer-05.jpg);\"><div class=\"w-flipbox-front-h\"><div class=\"w-flipbox-front-title\" style=\"font-size:16px;\">Marka Tescil Belgeleri<\/div><\/div><\/div><div class=\"w-flipbox-back us_custom_059d68a5\" style=\"display:none;background:var(--color-content-primary);color:#ffffff;\"><div class=\"w-flipbox-back-h\"><div class=\"w-flipbox-back-title\">Bizimle \u0130rtibata Ge\u00e7in<\/div><\/div><\/div><\/div><\/div><\/a><\/div><\/div><\/div><\/div><\/div><\/div><\/div><\/div><\/div><\/section>\n","protected":false},"excerpt":{"rendered":"KAL\u0130TE ISO 9001:2015 Kalite Y\u00f6netim SistemiBizimle \u0130rtibata Ge\u00e7in\u015ei\u015fecam Kaplamal\u0131 Cam \u0130\u015fleme BelgesiBizimle \u0130rtibata Ge\u00e7in\u015ei\u015fecam Yetkili \u00dcreticilik BelgesiBizimle \u0130rtibata Ge\u00e7inGuardian Akreditasyon Sertifikas\u0131Bizimle \u0130rtibata Ge\u00e7inInsulat\u0131ng Glass Certification Counc\u0131lBizimle \u0130rtibata Ge\u00e7inCE Uygunluk Beyan\u0131Bizimle \u0130rtibata Ge\u00e7inTSE \u00dcr\u00fcn BelgesiBizimle \u0130rtibata Ge\u00e7inMarka Tescil BelgeleriBizimle \u0130rtibata Ge\u00e7in","protected":false},"author":1,"featured_media":0,"parent":0,"menu_order":0,"comment_status":"closed","ping_status":"closed","template":"","meta":{"_acf_changed":false,"footnotes":""},"class_list":["post-7995","page","type-page","status-publish","hentry"],"acf":[],"_links":{"self":[{"href":"https:\/\/grupcam.com.tr\/tr\/wp-json\/wp\/v2\/pages\/7995","targetHints":{"allow":["GET"]}}],"collection":[{"href":"https:\/\/grupcam.com.tr\/tr\/wp-json\/wp\/v2\/pages"}],"about":[{"href":"https:\/\/grupcam.com.tr\/tr\/wp-json\/wp\/v2\/types\/page"}],"author":[{"embeddable":true,"href":"https:\/\/grupcam.com.tr\/tr\/wp-json\/wp\/v2\/users\/1"}],"replies":[{"embeddable":true,"href":"https:\/\/grupcam.com.tr\/tr\/wp-json\/wp\/v2\/comments?post=7995"}],"version-history":[{"count":27,"href":"https:\/\/grupcam.com.tr\/tr\/wp-json\/wp\/v2\/pages\/7995\/revisions"}],"predecessor-version":[{"id":9317,"href":"https:\/\/grupcam.com.tr\/tr\/wp-json\/wp\/v2\/pages\/7995\/revisions\/9317"}],"wp:attachment":[{"href":"https:\/\/grupcam.com.tr\/tr\/wp-json\/wp\/v2\/media?parent=7995"}],"curies":[{"name":"wp","href":"https:\/\/api.w.org\/{rel}","templated":true}]}}