{"id":8070,"date":"2023-07-26T15:51:01","date_gmt":"2023-07-26T12:51:01","guid":{"rendered":"https:\/\/grupcam.com.tr\/?page_id=8070"},"modified":"2025-11-18T11:13:17","modified_gmt":"2025-11-18T08:13:17","slug":"politikalarimiz","status":"publish","type":"page","link":"https:\/\/grupcam.com.tr\/tr\/politikalarimiz\/","title":{"rendered":"POL\u0130T\u0130KALARIMIZ"},"content":{"rendered":"<section class=\"l-section wpb_row us_custom_3e1e967c height_custom with_img\"><div class=\"l-section-img\" role=\"img\" data-img-width=\"1920\" data-img-height=\"450\" style=\"background-image: url(https:\/\/grupcam.com.tr\/wp-content\/uploads\/2024\/01\/politikalarimiz-img.jpg);\"><\/div><div class=\"l-section-h i-cf\"><div class=\"g-cols vc_row via_flex valign_top type_default stacking_default\"><div class=\"vc_col-sm-12 wpb_column vc_column_container\"><div class=\"vc_column-inner\"><div class=\"wpb_wrapper\"><\/div><\/div><\/div><\/div><\/div><\/section><section class=\"l-section wpb_row height_custom\"><div class=\"l-section-h i-cf\"><div class=\"g-cols vc_row via_flex valign_top type_default stacking_default\"><div class=\"vc_col-sm-12 wpb_column vc_column_container\"><div class=\"vc_column-inner\"><div class=\"wpb_wrapper\"><div class=\"wpb_text_column\"><div class=\"wpb_wrapper\"><h2 style=\"text-align: center;\">POL\u0130T\u0130KALARIMIZ<\/h2>\n<\/div><\/div><div class=\"w-separator size_medium\"><\/div><div class=\"g-cols wpb_row hoverefecta via_flex valign_bottom type_default stacking_default\"><div class=\"vc_col-sm-3\/5 wpb_column vc_column_container\"><div class=\"vc_column-inner\"><div class=\"wpb_wrapper\"><div class=\"wpb_text_column us_custom_380a0dd8 baslikline\"><div class=\"wpb_wrapper\"><h3>KAL\u0130TE POL\u0130T\u0130KASI<\/h3>\n<\/div><\/div><div class=\"w-separator size_small\"><\/div><div class=\"wpb_text_column us_custom_5d3ffa3d\"><div class=\"wpb_wrapper\"><p style=\"text-align: justify;\"><strong>GRUPCAM olarak ilkelerimiz,<\/strong><\/p>\n<ul>\n<li style=\"text-align: justify;\">M\u00fc\u015fterilerimizin ilk tercih etti\u011fi \u00e7\u00f6z\u00fcm orta\u011f\u0131 olarak nitelikli yal\u0131t\u0131m cam\u0131 \u00fcretimi ve cam i\u015flemede odakland\u0131\u011f\u0131m\u0131z pazarlarda cama \u00fcr\u00fcn ve hizmet kalitemizle de\u011fer katmak; m\u00fc\u015fterilerimizin ihtiya\u00e7 ve beklentilerini \u00fcretim ve hizmet kalitesi ile zaman\u0131nda kar\u015f\u0131layarak m\u00fc\u015fteri memnuniyetini en \u00fcst seviyede tutmak,<\/li>\n<li style=\"text-align: justify;\">S\u00fcrd\u00fcr\u00fclebilir b\u00fcy\u00fcme ile \u00fcr\u00fcn \u00e7e\u015fitlili\u011fimizi artt\u0131rarak mimari cam alan\u0131nda vazge\u00e7ilmez bir \u00e7\u00f6z\u00fcm orta\u011f\u0131 olmak,<\/li>\n<li style=\"text-align: justify;\">Ulusal ve uluslararas\u0131 standartlara uyarak \u00fcr\u00fcnlerimizi ve kalite y\u00f6netim sistemimizi s\u00fcrekli olarak iyile\u015ftirmek,<\/li>\n<li style=\"text-align: justify;\">\u00c7al\u0131\u015fanlar\u0131m\u0131z\u0131n ve m\u00fc\u015fterilerimizin sa\u011fl\u0131\u011f\u0131 ve g\u00fcvenli\u011fi do\u011frultusunda hareket ederek, \u00e7al\u0131\u015fanlar\u0131m\u0131z\u0131n i\u015fleri ile ilgili yetkinliklerini s\u00fcrekli geli\u015ftirmektir.<\/li>\n<\/ul>\n<\/div><\/div><\/div><\/div><\/div><div class=\"vc_col-sm-2\/5 wpb_column vc_column_container\"><div class=\"vc_column-inner\"><div class=\"wpb_wrapper\"><div class=\"w-image hoverefectimg align_center\"><div url class=\"w-image-h\"><img loading=\"lazy\" decoding=\"async\" width=\"685\" height=\"451\" src=\"https:\/\/grupcam.com.tr\/wp-content\/uploads\/2023\/07\/kalite-politikasi-img.jpg\" class=\"attachment-large size-large\" alt=\"\" srcset=\"https:\/\/grupcam.com.tr\/wp-content\/uploads\/2023\/07\/kalite-politikasi-img.jpg 685w, https:\/\/grupcam.com.tr\/wp-content\/uploads\/2023\/07\/kalite-politikasi-img-300x198.jpg 300w\" sizes=\"auto, (max-width: 685px) 100vw, 685px\" \/><\/div><\/div><\/div><\/div><\/div><\/div><div class=\"w-separator size_huge\"><\/div><div class=\"g-cols wpb_row hoverefecta via_flex valign_top type_default reversed stacking_default\"><div class=\"vc_col-sm-2\/5 wpb_column vc_column_container\"><div class=\"vc_column-inner\"><div class=\"wpb_wrapper\"><div class=\"w-image hoverefectimg align_center\"><div url class=\"w-image-h\"><img loading=\"lazy\" decoding=\"async\" width=\"685\" height=\"451\" src=\"https:\/\/grupcam.com.tr\/wp-content\/uploads\/2023\/07\/risk-yonetimi-img.jpg\" class=\"attachment-large size-large\" alt=\"\" srcset=\"https:\/\/grupcam.com.tr\/wp-content\/uploads\/2023\/07\/risk-yonetimi-img.jpg 685w, https:\/\/grupcam.com.tr\/wp-content\/uploads\/2023\/07\/risk-yonetimi-img-300x198.jpg 300w\" sizes=\"auto, (max-width: 685px) 100vw, 685px\" \/><\/div><\/div><\/div><\/div><\/div><div class=\"vc_col-sm-3\/5 wpb_column vc_column_container\"><div class=\"vc_column-inner\"><div class=\"wpb_wrapper\"><div class=\"wpb_text_column us_custom_380a0dd8 baslikline\"><div class=\"wpb_wrapper\"><h3>R\u0130SK Y\u00d6NET\u0130M\u0130 POL\u0130T\u0130KASI<\/h3>\n<\/div><\/div><div class=\"w-separator size_small\"><\/div><div class=\"wpb_text_column us_custom_5d3ffa3d\"><div class=\"wpb_wrapper\"><p style=\"text-align: justify;\"><strong>GRUPCAM olarak ilkelerimiz,<\/strong><\/p>\n<ul>\n<li style=\"text-align: justify;\">\u201cHedeflerimiz \u00fczerindeki belirsizlik etkisi\u201d olarak tan\u0131mlad\u0131\u011f\u0131m\u0131z riskleri t\u00fcm s\u00fcre\u00e7lerimizin bir par\u00e7as\u0131 olarak g\u00f6rmek,<\/li>\n<li style=\"text-align: justify;\">Olumlu veya olumsuz her t\u00fcrl\u00fc riskin ele al\u0131n\u0131p analiz edilmesi i\u00e7in gerekli faaliyetleri planlamak, bu faaliyetler i\u00e7in gerekli kaynaklar\u0131 sa\u011flamak ve kurdu\u011fumuz bu sistemi s\u00fcrekli iyile\u015ftirmek,<\/li>\n<li style=\"text-align: justify;\">Potansiyel etkileri ile orant\u0131l\u0131 bi\u00e7imde olumsuz risklerin bertaraf edilmesi, olumlu risklerin ise bir f\u0131rsat olarak ele al\u0131nmas\u0131 i\u00e7in t\u00fcm \u00e7al\u0131\u015fanlar\u0131m\u0131z\u0131n yetkinlik ve bilincini artt\u0131rmakt\u0131r.<\/li>\n<\/ul>\n<\/div><\/div><\/div><\/div><\/div><\/div><div class=\"w-separator size_huge\"><\/div><div class=\"g-cols wpb_row hoverefecta via_flex valign_bottom type_default stacking_default\"><div class=\"vc_col-sm-3\/5 wpb_column vc_column_container\"><div class=\"vc_column-inner\"><div class=\"wpb_wrapper\"><div class=\"wpb_text_column us_custom_380a0dd8 baslikline\"><div class=\"wpb_wrapper\"><h3>E\u015e\u0130TL\u0130K VE KAPSAYICILIK POL\u0130T\u0130KAMIZ<\/h3>\n<\/div><\/div><div class=\"w-separator size_small\"><\/div><div class=\"wpb_text_column us_custom_5d3ffa3d\"><div class=\"wpb_wrapper\"><p style=\"text-align: justify;\">Grupcam olarak, toplumsal f\u0131rsat e\u015fitli\u011fini kurum k\u00fclt\u00fcr\u00fcm\u00fcz\u00fcn temel bir de\u011feri olarak benimsiyoruz. \u00c7al\u0131\u015fanlar\u0131m\u0131z aras\u0131nda e\u015fit hak ve f\u0131rsatlar\u0131 g\u00f6zetiyor; i\u015fe al\u0131m, e\u011fitim, geli\u015fim, \u00fccretlendirme ve terfi s\u00fcre\u00e7lerinde adalet, \u015feffafl\u0131k ve liyakat ilkeleriyle hareket ediyoruz.<\/p>\n<p style=\"text-align: justify;\">Farkl\u0131l\u0131klar\u0131n bizi zenginle\u015ftirdi\u011fine inan\u0131yor, cinsiyet, ya\u015f, farkl\u0131 ihtiya\u00e7lara sahip bireyler, k\u00fclt\u00fcr veya inan\u00e7 fark\u0131 g\u00f6zetmeksizin herkese sayg\u0131l\u0131, kapsay\u0131c\u0131 ve destekleyici bir \u00e7al\u0131\u015fma ortam\u0131 sunuyoruz. Her bir \u00e7al\u0131\u015fan\u0131m\u0131z\u0131n potansiyelini \u00f6zg\u00fcrce ortaya koyabildi\u011fi, g\u00fcvenli, adil ve hakkaniyetli bir i\u015f ortam\u0131 yaratmak i\u00e7in kararl\u0131l\u0131kla \u00e7al\u0131\u015f\u0131yoruz.<\/p>\n<\/div><\/div><\/div><\/div><\/div><div class=\"vc_col-sm-2\/5 wpb_column vc_column_container\"><div class=\"vc_column-inner\"><div class=\"wpb_wrapper\"><div class=\"w-image hoverefectimg align_center\"><div url class=\"w-image-h\"><img loading=\"lazy\" decoding=\"async\" width=\"685\" height=\"451\" src=\"https:\/\/grupcam.com.tr\/wp-content\/uploads\/2025\/11\/kadin-girisimci-img.jpg\" class=\"attachment-large size-large\" alt=\"\" srcset=\"https:\/\/grupcam.com.tr\/wp-content\/uploads\/2025\/11\/kadin-girisimci-img.jpg 685w, https:\/\/grupcam.com.tr\/wp-content\/uploads\/2025\/11\/kadin-girisimci-img-300x198.jpg 300w\" sizes=\"auto, (max-width: 685px) 100vw, 685px\" \/><\/div><\/div><\/div><\/div><\/div><\/div><\/div><\/div><\/div><\/div><\/div><\/section>\n","protected":false},"excerpt":{"rendered":"POL\u0130T\u0130KALARIMIZ KAL\u0130TE POL\u0130T\u0130KASI GRUPCAM olarak ilkelerimiz, M\u00fc\u015fterilerimizin ilk tercih etti\u011fi \u00e7\u00f6z\u00fcm orta\u011f\u0131 olarak nitelikli yal\u0131t\u0131m cam\u0131 \u00fcretimi ve cam i\u015flemede odakland\u0131\u011f\u0131m\u0131z pazarlarda cama \u00fcr\u00fcn ve hizmet kalitemizle de\u011fer katmak; m\u00fc\u015fterilerimizin ihtiya\u00e7 ve beklentilerini \u00fcretim ve hizmet kalitesi ile zaman\u0131nda kar\u015f\u0131layarak m\u00fc\u015fteri memnuniyetini en \u00fcst seviyede tutmak, S\u00fcrd\u00fcr\u00fclebilir b\u00fcy\u00fcme ile \u00fcr\u00fcn \u00e7e\u015fitlili\u011fimizi artt\u0131rarak mimari cam alan\u0131nda...","protected":false},"author":1,"featured_media":0,"parent":0,"menu_order":0,"comment_status":"closed","ping_status":"closed","template":"","meta":{"_acf_changed":false,"footnotes":""},"class_list":["post-8070","page","type-page","status-publish","hentry"],"acf":[],"_links":{"self":[{"href":"https:\/\/grupcam.com.tr\/tr\/wp-json\/wp\/v2\/pages\/8070","targetHints":{"allow":["GET"]}}],"collection":[{"href":"https:\/\/grupcam.com.tr\/tr\/wp-json\/wp\/v2\/pages"}],"about":[{"href":"https:\/\/grupcam.com.tr\/tr\/wp-json\/wp\/v2\/types\/page"}],"author":[{"embeddable":true,"href":"https:\/\/grupcam.com.tr\/tr\/wp-json\/wp\/v2\/users\/1"}],"replies":[{"embeddable":true,"href":"https:\/\/grupcam.com.tr\/tr\/wp-json\/wp\/v2\/comments?post=8070"}],"version-history":[{"count":14,"href":"https:\/\/grupcam.com.tr\/tr\/wp-json\/wp\/v2\/pages\/8070\/revisions"}],"predecessor-version":[{"id":9340,"href":"https:\/\/grupcam.com.tr\/tr\/wp-json\/wp\/v2\/pages\/8070\/revisions\/9340"}],"wp:attachment":[{"href":"https:\/\/grupcam.com.tr\/tr\/wp-json\/wp\/v2\/media?parent=8070"}],"curies":[{"name":"wp","href":"https:\/\/api.w.org\/{rel}","templated":true}]}}