{"id":8270,"date":"2023-07-31T16:43:38","date_gmt":"2023-07-31T13:43:38","guid":{"rendered":"https:\/\/grupcam.com.tr\/?page_id=8270"},"modified":"2023-09-04T14:59:13","modified_gmt":"2023-09-04T11:59:13","slug":"tum-urunler","status":"publish","type":"page","link":"https:\/\/grupcam.com.tr\/tr\/tum-urunler\/","title":{"rendered":"T\u00dcM \u00dcR\u00dcNLER"},"content":{"rendered":"<section class=\"l-section wpb_row us_custom_3e1e967c height_custom with_img\"><div class=\"l-section-img\" role=\"img\" data-img-width=\"1400\" data-img-height=\"635\" style=\"background-image: url(https:\/\/grupcam.com.tr\/wp-content\/uploads\/2023\/07\/galeri-06.jpg);\"><\/div><div class=\"l-section-h i-cf\"><div class=\"g-cols vc_row via_flex valign_top type_default stacking_default\"><div class=\"vc_col-sm-12 wpb_column vc_column_container\"><div class=\"vc_column-inner\"><div class=\"wpb_wrapper\"><\/div><\/div><\/div><\/div><\/div><\/section><section class=\"l-section wpb_row height_custom\"><div class=\"l-section-h i-cf\"><div class=\"g-cols vc_row via_flex valign_top type_default stacking_default\"><div class=\"vc_col-sm-12 wpb_column vc_column_container\"><div class=\"vc_column-inner\"><div class=\"wpb_wrapper\"><div class=\"w-grid type_grid layout_8275 cols_3 with_filters ratio_4x3\" id=\"us_grid_1\" style=\"--gap:1rem;\"><style>@media (max-width:1024px){#us_grid_1 .w-grid-item{width:50%}#us_grid_1 .w-grid-item.size_2x1,#us_grid_1 .w-grid-item.size_2x2{width:100%}}@media (max-width:600px){#us_grid_1 .w-grid-list{margin:0}#us_grid_1 .w-grid-item{width:100%;padding:0;margin-bottom:var(--gap,0px)}}.layout_8275 .w-grid-item-h:before{padding-bottom:75%}@media (min-width:601px){.layout_8275 .w-grid-item.size_1x2 .w-grid-item-h:before{padding-bottom:calc(150% + var(--gap,0px) * 2)}.layout_8275 .w-grid-item.size_2x1 .w-grid-item-h:before{padding-bottom:calc(37.5% - var(--gap,0px) * 0.75)}.layout_8275 .w-grid-item.size_2x2 .w-grid-item-h:before{padding-bottom:calc(75% - var(--gap,0px) * -0.5)}}.layout_8275 .w-grid-item-h{background:#333}.layout_8275 .usg_post_image_1{transition-duration:0.35s;transform-origin:50% 50%;transform:scale(1) translate(0%,0%)}.layout_8275 .w-grid-item-h:hover .usg_post_image_1{transform:scale(1.1) translate(0%,0%);opacity:0.1}.layout_8275 .usg_post_image_1{position:absolute!important;top:0!important;right:0!important;bottom:0!important;left:0!important}.layout_8275 .usg_vwrapper_1{position:absolute!important;right:0!important;bottom:0!important;left:0!important;background:linear-gradient(transparent,rgba(30,30,30,0.8))!important;padding:4rem 2rem 1.5rem 2rem!important}.layout_8275 .usg_post_title_1{color:#ffffff!important;font-size:1.2rem!important}<\/style><div class=\"g-filters style_3 align_center\"><button class=\"g-filters-item active\" data-taxonomy=\"*\"><span>Hepsi<\/span><\/button><button class=\"g-filters-item\" data-taxonomy=\"cephe\" data-amount=\"7\"><span>Cephe<\/span><span class=\"g-filters-item-amount\">7<\/span><\/button><button class=\"g-filters-item\" data-taxonomy=\"konut\" data-amount=\"7\"><span>Konut<\/span><span class=\"g-filters-item-amount\">7<\/span><\/button><\/div><div class=\"w-grid-list\" data-filter_taxonomy_name=\"us_portfolio_category\">\t<article class=\"w-grid-item post-8159 us_portfolio type-us_portfolio status-publish has-post-thumbnail hentry us_portfolio_category-konut\" data-id=\"8159\">\n\t\t<div class=\"w-grid-item-h\">\n\t\t\t\t\t\t\t<a href=\"https:\/\/grupcam.com.tr\/tr\/urun\/isicam-c-serisi\/\" class=\"w-grid-item-anchor\" aria-label=\"ISICAM C Serisi\"><\/a>\n\t\t\t\t\t\t<div class=\"w-post-elm post_image usg_post_image_1 stretched\"><img loading=\"lazy\" decoding=\"async\" width=\"960\" height=\"720\" src=\"https:\/\/grupcam.com.tr\/wp-content\/uploads\/2023\/07\/c-serisi.jpg\" class=\"attachment-large size-large wp-post-image\" alt=\"\" srcset=\"https:\/\/grupcam.com.tr\/wp-content\/uploads\/2023\/07\/c-serisi.jpg 960w, https:\/\/grupcam.com.tr\/wp-content\/uploads\/2023\/07\/c-serisi-300x225.jpg 300w\" sizes=\"auto, (max-width: 960px) 100vw, 960px\" \/><\/div><div class=\"w-vwrapper usg_vwrapper_1 align_none valign_top\"><h2 class=\"w-post-elm post_title usg_post_title_1 has_text_color align_center entry-title color_link_inherit\">ISICAM C Serisi<\/h2><\/div>\t\t<\/div>\n\t<\/article>\n\t<article class=\"w-grid-item post-8174 us_portfolio type-us_portfolio status-publish has-post-thumbnail hentry us_portfolio_category-konut\" data-id=\"8174\">\n\t\t<div class=\"w-grid-item-h\">\n\t\t\t\t\t\t\t<a href=\"https:\/\/grupcam.com.tr\/tr\/urun\/isicam-s-serisi\/\" class=\"w-grid-item-anchor\" aria-label=\"ISICAM S Serisi\"><\/a>\n\t\t\t\t\t\t<div class=\"w-post-elm post_image usg_post_image_1 stretched\"><img loading=\"lazy\" decoding=\"async\" width=\"960\" height=\"720\" src=\"https:\/\/grupcam.com.tr\/wp-content\/uploads\/2023\/07\/s-serisi.jpg\" class=\"attachment-large size-large wp-post-image\" alt=\"\" srcset=\"https:\/\/grupcam.com.tr\/wp-content\/uploads\/2023\/07\/s-serisi.jpg 960w, https:\/\/grupcam.com.tr\/wp-content\/uploads\/2023\/07\/s-serisi-300x225.jpg 300w\" sizes=\"auto, (max-width: 960px) 100vw, 960px\" \/><\/div><div class=\"w-vwrapper usg_vwrapper_1 align_none valign_top\"><h2 class=\"w-post-elm post_title usg_post_title_1 has_text_color align_center entry-title color_link_inherit\">ISICAM S Serisi<\/h2><\/div>\t\t<\/div>\n\t<\/article>\n\t<article class=\"w-grid-item post-8184 us_portfolio type-us_portfolio status-publish has-post-thumbnail hentry us_portfolio_category-konut\" data-id=\"8184\">\n\t\t<div class=\"w-grid-item-h\">\n\t\t\t\t\t\t\t<a href=\"https:\/\/grupcam.com.tr\/tr\/urun\/isicam-k-serisi\/\" class=\"w-grid-item-anchor\" aria-label=\"ISICAM K Serisi\"><\/a>\n\t\t\t\t\t\t<div class=\"w-post-elm post_image usg_post_image_1 stretched\"><img loading=\"lazy\" decoding=\"async\" width=\"960\" height=\"720\" src=\"https:\/\/grupcam.com.tr\/wp-content\/uploads\/2023\/07\/k-serisi.jpg\" class=\"attachment-large size-large wp-post-image\" alt=\"\" srcset=\"https:\/\/grupcam.com.tr\/wp-content\/uploads\/2023\/07\/k-serisi.jpg 960w, https:\/\/grupcam.com.tr\/wp-content\/uploads\/2023\/07\/k-serisi-300x225.jpg 300w\" sizes=\"auto, (max-width: 960px) 100vw, 960px\" \/><\/div><div class=\"w-vwrapper usg_vwrapper_1 align_none valign_top\"><h2 class=\"w-post-elm post_title usg_post_title_1 has_text_color align_center entry-title color_link_inherit\">ISICAM K Serisi<\/h2><\/div>\t\t<\/div>\n\t<\/article>\n\t<article class=\"w-grid-item post-8186 us_portfolio type-us_portfolio status-publish has-post-thumbnail hentry us_portfolio_category-konut\" data-id=\"8186\">\n\t\t<div class=\"w-grid-item-h\">\n\t\t\t\t\t\t\t<a href=\"https:\/\/grupcam.com.tr\/tr\/urun\/gurultu-kontrol-camlari\/\" class=\"w-grid-item-anchor\" aria-label=\"G\u00fcr\u00fclt\u00fc Kontrol Camlar\u0131\"><\/a>\n\t\t\t\t\t\t<div class=\"w-post-elm post_image usg_post_image_1 stretched\"><img loading=\"lazy\" decoding=\"async\" width=\"960\" height=\"720\" src=\"https:\/\/grupcam.com.tr\/wp-content\/uploads\/2023\/07\/gurultu-kontrol.jpg\" class=\"attachment-large size-large wp-post-image\" alt=\"\" srcset=\"https:\/\/grupcam.com.tr\/wp-content\/uploads\/2023\/07\/gurultu-kontrol.jpg 960w, https:\/\/grupcam.com.tr\/wp-content\/uploads\/2023\/07\/gurultu-kontrol-300x225.jpg 300w\" sizes=\"auto, (max-width: 960px) 100vw, 960px\" \/><\/div><div class=\"w-vwrapper usg_vwrapper_1 align_none valign_top\"><h2 class=\"w-post-elm post_title usg_post_title_1 has_text_color align_center entry-title color_link_inherit\">G\u00fcr\u00fclt\u00fc Kontrol Camlar\u0131<\/h2><\/div>\t\t<\/div>\n\t<\/article>\n\t<article class=\"w-grid-item post-8191 us_portfolio type-us_portfolio status-publish has-post-thumbnail hentry us_portfolio_category-konut\" data-id=\"8191\">\n\t\t<div class=\"w-grid-item-h\">\n\t\t\t\t\t\t\t<a href=\"https:\/\/grupcam.com.tr\/tr\/urun\/buzlu-ve-dekoratif-camlar\/\" class=\"w-grid-item-anchor\" aria-label=\"Buzlu ve Dekoratif Camlar\"><\/a>\n\t\t\t\t\t\t<div class=\"w-post-elm post_image usg_post_image_1 stretched\"><img loading=\"lazy\" decoding=\"async\" width=\"960\" height=\"720\" src=\"https:\/\/grupcam.com.tr\/wp-content\/uploads\/2023\/07\/buzlu-cam.jpg\" class=\"attachment-large size-large wp-post-image\" alt=\"\" srcset=\"https:\/\/grupcam.com.tr\/wp-content\/uploads\/2023\/07\/buzlu-cam.jpg 960w, https:\/\/grupcam.com.tr\/wp-content\/uploads\/2023\/07\/buzlu-cam-300x225.jpg 300w\" sizes=\"auto, (max-width: 960px) 100vw, 960px\" \/><\/div><div class=\"w-vwrapper usg_vwrapper_1 align_none valign_top\"><h2 class=\"w-post-elm post_title usg_post_title_1 has_text_color align_center entry-title color_link_inherit\">Buzlu ve Dekoratif Camlar<\/h2><\/div>\t\t<\/div>\n\t<\/article>\n\t<article class=\"w-grid-item post-8196 us_portfolio type-us_portfolio status-publish has-post-thumbnail hentry us_portfolio_category-konut\" data-id=\"8196\">\n\t\t<div class=\"w-grid-item-h\">\n\t\t\t\t\t\t\t<a href=\"https:\/\/grupcam.com.tr\/tr\/urun\/jaluzili-camlar\/\" class=\"w-grid-item-anchor\" aria-label=\"Jaluzili Camlar\"><\/a>\n\t\t\t\t\t\t<div class=\"w-post-elm post_image usg_post_image_1 stretched\"><img loading=\"lazy\" decoding=\"async\" width=\"960\" height=\"720\" src=\"https:\/\/grupcam.com.tr\/wp-content\/uploads\/2023\/07\/jaluzili-camlar.jpg\" class=\"attachment-large size-large wp-post-image\" alt=\"\" srcset=\"https:\/\/grupcam.com.tr\/wp-content\/uploads\/2023\/07\/jaluzili-camlar.jpg 960w, https:\/\/grupcam.com.tr\/wp-content\/uploads\/2023\/07\/jaluzili-camlar-300x225.jpg 300w\" sizes=\"auto, (max-width: 960px) 100vw, 960px\" \/><\/div><div class=\"w-vwrapper usg_vwrapper_1 align_none valign_top\"><h2 class=\"w-post-elm post_title usg_post_title_1 has_text_color align_center entry-title color_link_inherit\">Jaluzili Camlar<\/h2><\/div>\t\t<\/div>\n\t<\/article>\n\t<article class=\"w-grid-item post-8199 us_portfolio type-us_portfolio status-publish has-post-thumbnail hentry us_portfolio_category-konut\" data-id=\"8199\">\n\t\t<div class=\"w-grid-item-h\">\n\t\t\t\t\t\t\t<a href=\"https:\/\/grupcam.com.tr\/tr\/urun\/karolajli-camlar\/\" class=\"w-grid-item-anchor\" aria-label=\"Karolajl\u0131 Camlar\"><\/a>\n\t\t\t\t\t\t<div class=\"w-post-elm post_image usg_post_image_1 stretched\"><img loading=\"lazy\" decoding=\"async\" width=\"960\" height=\"720\" src=\"https:\/\/grupcam.com.tr\/wp-content\/uploads\/2023\/07\/karlajli-camlar.jpg\" class=\"attachment-large size-large wp-post-image\" alt=\"\" srcset=\"https:\/\/grupcam.com.tr\/wp-content\/uploads\/2023\/07\/karlajli-camlar.jpg 960w, https:\/\/grupcam.com.tr\/wp-content\/uploads\/2023\/07\/karlajli-camlar-300x225.jpg 300w\" sizes=\"auto, (max-width: 960px) 100vw, 960px\" \/><\/div><div class=\"w-vwrapper usg_vwrapper_1 align_none valign_top\"><h2 class=\"w-post-elm post_title usg_post_title_1 has_text_color align_center entry-title color_link_inherit\">Karolajl\u0131 Camlar<\/h2><\/div>\t\t<\/div>\n\t<\/article>\n\t<article class=\"w-grid-item post-8206 us_portfolio type-us_portfolio status-publish has-post-thumbnail hentry us_portfolio_category-cephe\" data-id=\"8206\">\n\t\t<div class=\"w-grid-item-h\">\n\t\t\t\t\t\t\t<a href=\"https:\/\/grupcam.com.tr\/tr\/urun\/temperlenebilir-solar-low-e\/\" class=\"w-grid-item-anchor\" aria-label=\"Temperlenebilir Solar LOW-E\"><\/a>\n\t\t\t\t\t\t<div class=\"w-post-elm post_image usg_post_image_1 stretched\"><img loading=\"lazy\" decoding=\"async\" width=\"960\" height=\"720\" src=\"https:\/\/grupcam.com.tr\/wp-content\/uploads\/2023\/07\/solarlow-e.jpg\" class=\"attachment-large size-large wp-post-image\" alt=\"\" srcset=\"https:\/\/grupcam.com.tr\/wp-content\/uploads\/2023\/07\/solarlow-e.jpg 960w, https:\/\/grupcam.com.tr\/wp-content\/uploads\/2023\/07\/solarlow-e-300x225.jpg 300w\" sizes=\"auto, (max-width: 960px) 100vw, 960px\" \/><\/div><div class=\"w-vwrapper usg_vwrapper_1 align_none valign_top\"><h2 class=\"w-post-elm post_title usg_post_title_1 has_text_color align_center entry-title color_link_inherit\">Temperlenebilir Solar LOW-E<\/h2><\/div>\t\t<\/div>\n\t<\/article>\n\t<article class=\"w-grid-item post-8210 us_portfolio type-us_portfolio status-publish has-post-thumbnail hentry us_portfolio_category-cephe\" data-id=\"8210\">\n\t\t<div class=\"w-grid-item-h\">\n\t\t\t\t\t\t\t<a href=\"https:\/\/grupcam.com.tr\/tr\/urun\/temperlenebilir-low-e\/\" class=\"w-grid-item-anchor\" aria-label=\"Temperlenebilir LOW-E\"><\/a>\n\t\t\t\t\t\t<div class=\"w-post-elm post_image usg_post_image_1 stretched\"><img loading=\"lazy\" decoding=\"async\" width=\"960\" height=\"720\" src=\"https:\/\/grupcam.com.tr\/wp-content\/uploads\/2023\/07\/tlow-e.jpg\" class=\"attachment-large size-large wp-post-image\" alt=\"\" srcset=\"https:\/\/grupcam.com.tr\/wp-content\/uploads\/2023\/07\/tlow-e.jpg 960w, https:\/\/grupcam.com.tr\/wp-content\/uploads\/2023\/07\/tlow-e-300x225.jpg 300w\" sizes=\"auto, (max-width: 960px) 100vw, 960px\" \/><\/div><div class=\"w-vwrapper usg_vwrapper_1 align_none valign_top\"><h2 class=\"w-post-elm post_title usg_post_title_1 has_text_color align_center entry-title color_link_inherit\">Temperlenebilir LOW-E<\/h2><\/div>\t\t<\/div>\n\t<\/article>\n\t<article class=\"w-grid-item post-8213 us_portfolio type-us_portfolio status-publish has-post-thumbnail hentry us_portfolio_category-cephe\" data-id=\"8213\">\n\t\t<div class=\"w-grid-item-h\">\n\t\t\t\t\t\t\t<a href=\"https:\/\/grupcam.com.tr\/tr\/urun\/renkli-camlar\/\" class=\"w-grid-item-anchor\" aria-label=\"Renkli Camlar\"><\/a>\n\t\t\t\t\t\t<div class=\"w-post-elm post_image usg_post_image_1 stretched\"><img loading=\"lazy\" decoding=\"async\" width=\"960\" height=\"720\" src=\"https:\/\/grupcam.com.tr\/wp-content\/uploads\/2023\/07\/renkli.jpg\" class=\"attachment-large size-large wp-post-image\" alt=\"\" srcset=\"https:\/\/grupcam.com.tr\/wp-content\/uploads\/2023\/07\/renkli.jpg 960w, https:\/\/grupcam.com.tr\/wp-content\/uploads\/2023\/07\/renkli-300x225.jpg 300w\" sizes=\"auto, (max-width: 960px) 100vw, 960px\" \/><\/div><div class=\"w-vwrapper usg_vwrapper_1 align_none valign_top\"><h2 class=\"w-post-elm post_title usg_post_title_1 has_text_color align_center entry-title color_link_inherit\">Renkli Camlar<\/h2><\/div>\t\t<\/div>\n\t<\/article>\n\t<article class=\"w-grid-item post-8216 us_portfolio type-us_portfolio status-publish has-post-thumbnail hentry us_portfolio_category-cephe\" data-id=\"8216\">\n\t\t<div class=\"w-grid-item-h\">\n\t\t\t\t\t\t\t<a href=\"https:\/\/grupcam.com.tr\/tr\/urun\/reflektif-camlar\/\" class=\"w-grid-item-anchor\" aria-label=\"Reflektif Camlar\"><\/a>\n\t\t\t\t\t\t<div class=\"w-post-elm post_image usg_post_image_1 stretched\"><img loading=\"lazy\" decoding=\"async\" width=\"960\" height=\"720\" src=\"https:\/\/grupcam.com.tr\/wp-content\/uploads\/2023\/07\/reflektif-camlar.jpg\" class=\"attachment-large size-large wp-post-image\" alt=\"\" srcset=\"https:\/\/grupcam.com.tr\/wp-content\/uploads\/2023\/07\/reflektif-camlar.jpg 960w, https:\/\/grupcam.com.tr\/wp-content\/uploads\/2023\/07\/reflektif-camlar-300x225.jpg 300w\" sizes=\"auto, (max-width: 960px) 100vw, 960px\" \/><\/div><div class=\"w-vwrapper usg_vwrapper_1 align_none valign_top\"><h2 class=\"w-post-elm post_title usg_post_title_1 has_text_color align_center entry-title color_link_inherit\">Reflektif Camlar<\/h2><\/div>\t\t<\/div>\n\t<\/article>\n\t<article class=\"w-grid-item post-8222 us_portfolio type-us_portfolio status-publish has-post-thumbnail hentry us_portfolio_category-cephe\" data-id=\"8222\">\n\t\t<div class=\"w-grid-item-h\">\n\t\t\t\t\t\t\t<a href=\"https:\/\/grupcam.com.tr\/tr\/urun\/lamine-camlar\/\" class=\"w-grid-item-anchor\" aria-label=\"Lamine Camlar\"><\/a>\n\t\t\t\t\t\t<div class=\"w-post-elm post_image usg_post_image_1 stretched\"><img loading=\"lazy\" decoding=\"async\" width=\"960\" height=\"720\" src=\"https:\/\/grupcam.com.tr\/wp-content\/uploads\/2023\/07\/lamine-camlar.jpg\" class=\"attachment-large size-large wp-post-image\" alt=\"\" srcset=\"https:\/\/grupcam.com.tr\/wp-content\/uploads\/2023\/07\/lamine-camlar.jpg 960w, https:\/\/grupcam.com.tr\/wp-content\/uploads\/2023\/07\/lamine-camlar-300x225.jpg 300w\" sizes=\"auto, (max-width: 960px) 100vw, 960px\" \/><\/div><div class=\"w-vwrapper usg_vwrapper_1 align_none valign_top\"><h2 class=\"w-post-elm post_title usg_post_title_1 has_text_color align_center entry-title color_link_inherit\">Lamine Camlar<\/h2><\/div>\t\t<\/div>\n\t<\/article>\n\t<article class=\"w-grid-item post-8225 us_portfolio type-us_portfolio status-publish has-post-thumbnail hentry us_portfolio_category-cephe\" data-id=\"8225\">\n\t\t<div class=\"w-grid-item-h\">\n\t\t\t\t\t\t\t<a href=\"https:\/\/grupcam.com.tr\/tr\/urun\/temperli-camlar\/\" class=\"w-grid-item-anchor\" aria-label=\"Temperli Camlar\"><\/a>\n\t\t\t\t\t\t<div class=\"w-post-elm post_image usg_post_image_1 stretched\"><img loading=\"lazy\" decoding=\"async\" width=\"960\" height=\"720\" src=\"https:\/\/grupcam.com.tr\/wp-content\/uploads\/2023\/07\/temperli-camlar.jpg\" class=\"attachment-large size-large wp-post-image\" alt=\"\" srcset=\"https:\/\/grupcam.com.tr\/wp-content\/uploads\/2023\/07\/temperli-camlar.jpg 960w, https:\/\/grupcam.com.tr\/wp-content\/uploads\/2023\/07\/temperli-camlar-300x225.jpg 300w\" sizes=\"auto, (max-width: 960px) 100vw, 960px\" \/><\/div><div class=\"w-vwrapper usg_vwrapper_1 align_none valign_top\"><h2 class=\"w-post-elm post_title usg_post_title_1 has_text_color align_center entry-title color_link_inherit\">Temperli Camlar<\/h2><\/div>\t\t<\/div>\n\t<\/article>\n\t<article class=\"w-grid-item post-8233 us_portfolio type-us_portfolio status-publish has-post-thumbnail hentry us_portfolio_category-cephe\" data-id=\"8233\">\n\t\t<div class=\"w-grid-item-h\">\n\t\t\t\t\t\t\t<a href=\"https:\/\/grupcam.com.tr\/tr\/urun\/boyali-camlar\/\" class=\"w-grid-item-anchor\" aria-label=\"Boyal\u0131 Camlar\"><\/a>\n\t\t\t\t\t\t<div class=\"w-post-elm post_image usg_post_image_1 stretched\"><img loading=\"lazy\" decoding=\"async\" width=\"960\" height=\"720\" src=\"https:\/\/grupcam.com.tr\/wp-content\/uploads\/2023\/07\/boyali-camlar.jpg\" class=\"attachment-large size-large wp-post-image\" alt=\"\" srcset=\"https:\/\/grupcam.com.tr\/wp-content\/uploads\/2023\/07\/boyali-camlar.jpg 960w, https:\/\/grupcam.com.tr\/wp-content\/uploads\/2023\/07\/boyali-camlar-300x225.jpg 300w\" sizes=\"auto, (max-width: 960px) 100vw, 960px\" \/><\/div><div class=\"w-vwrapper usg_vwrapper_1 align_none valign_top\"><h2 class=\"w-post-elm post_title usg_post_title_1 has_text_color align_center entry-title color_link_inherit\">Boyal\u0131 Camlar<\/h2><\/div>\t\t<\/div>\n\t<\/article>\n<\/div><div class=\"w-grid-preloader\"><div class=\"g-preloader type_1\">\n\t<div><\/div>\n<\/div>\n<\/div>\t<div class=\"w-grid-json hidden\" onclick='return {&quot;action&quot;:&quot;us_ajax_grid&quot;,&quot;ajax_url&quot;:&quot;https:\\\/\\\/grupcam.com.tr\\\/wp-admin\\\/admin-ajax.php&quot;,&quot;infinite_scroll&quot;:0,&quot;max_num_pages&quot;:1,&quot;pagination&quot;:&quot;none&quot;,&quot;permalink_url&quot;:&quot;https:\\\/\\\/grupcam.com.tr\\\/tr\\\/wp-json\\\/wp\\\/v2\\\/pages\\\/8270\\\/&quot;,&quot;template_vars&quot;:{&quot;columns&quot;:&quot;3&quot;,&quot;exclude_items&quot;:&quot;none&quot;,&quot;img_size&quot;:&quot;default&quot;,&quot;ignore_items_size&quot;:0,&quot;items_layout&quot;:&quot;8275&quot;,&quot;items_offset&quot;:&quot;1&quot;,&quot;load_animation&quot;:&quot;none&quot;,&quot;overriding_link&quot;:&quot;%7B%22type%22%3A%22post%22%7D&quot;,&quot;post_id&quot;:0,&quot;query_args&quot;:{&quot;post_type&quot;:[&quot;us_portfolio&quot;],&quot;post_status&quot;:[&quot;publish&quot;,&quot;acf-disabled&quot;],&quot;posts_per_page&quot;:999},&quot;orderby_query_args&quot;:{&quot;orderby&quot;:{&quot;date&quot;:&quot;ASC&quot;}},&quot;type&quot;:&quot;grid&quot;,&quot;us_grid_ajax_index&quot;:1,&quot;us_grid_filter_params&quot;:null,&quot;us_grid_index&quot;:1,&quot;_us_grid_post_type&quot;:&quot;us_portfolio&quot;,&quot;page_args&quot;:[],&quot;lang&quot;:&quot;tr&quot;}}'><\/div>\n\t<\/div><\/div><\/div><\/div><\/div><\/div><\/section>\n","protected":false},"excerpt":{"rendered":"BOYALI CAMLAR Boya olarak farkl\u0131 tekniklerle cam\u0131n arka y\u00fcz\u00fcne uygulanan seramik boyalar kullan\u0131l\u0131r; rulo, sprey, ipek bask\u0131 ve perdeleme teknikleri mevcuttur. Grupcam, serigrafi ipek bask\u0131 ve rulo tekni\u011fi ile boyal\u0131 camlar\u0131 \u00fcretmektedir. Cam bu y\u00f6ntemlerle boyand\u0131ktan sonra temperlenmekte; b\u00f6ylece boya cam\u0131n yap\u0131s\u0131na i\u015fleyerek cam\u0131n d\u0131\u015f mekanik ve kimyasal etkilere kar\u015f\u0131 dayan\u0131kl\u0131 olmas\u0131 sa\u011flanmaktad\u0131r. Serigrafi ipek...","protected":false},"author":1,"featured_media":0,"parent":0,"menu_order":0,"comment_status":"closed","ping_status":"closed","template":"","meta":{"_acf_changed":false,"footnotes":""},"class_list":["post-8270","page","type-page","status-publish","hentry"],"acf":[],"_links":{"self":[{"href":"https:\/\/grupcam.com.tr\/tr\/wp-json\/wp\/v2\/pages\/8270","targetHints":{"allow":["GET"]}}],"collection":[{"href":"https:\/\/grupcam.com.tr\/tr\/wp-json\/wp\/v2\/pages"}],"about":[{"href":"https:\/\/grupcam.com.tr\/tr\/wp-json\/wp\/v2\/types\/page"}],"author":[{"embeddable":true,"href":"https:\/\/grupcam.com.tr\/tr\/wp-json\/wp\/v2\/users\/1"}],"replies":[{"embeddable":true,"href":"https:\/\/grupcam.com.tr\/tr\/wp-json\/wp\/v2\/comments?post=8270"}],"version-history":[{"count":7,"href":"https:\/\/grupcam.com.tr\/tr\/wp-json\/wp\/v2\/pages\/8270\/revisions"}],"predecessor-version":[{"id":8933,"href":"https:\/\/grupcam.com.tr\/tr\/wp-json\/wp\/v2\/pages\/8270\/revisions\/8933"}],"wp:attachment":[{"href":"https:\/\/grupcam.com.tr\/tr\/wp-json\/wp\/v2\/media?parent=8270"}],"curies":[{"name":"wp","href":"https:\/\/api.w.org\/{rel}","templated":true}]}}