{"id":8505,"date":"2023-08-07T17:08:55","date_gmt":"2023-08-07T14:08:55","guid":{"rendered":"https:\/\/grupcam.com.tr\/?page_id=8505"},"modified":"2025-06-11T13:39:27","modified_gmt":"2025-06-11T10:39:27","slug":"uretim","status":"publish","type":"page","link":"https:\/\/grupcam.com.tr\/tr\/uretim\/","title":{"rendered":"\u00dcRET\u0130M"},"content":{"rendered":"<section class=\"l-section wpb_row us_custom_3e1e967c height_custom with_img\"><div class=\"l-section-img\" role=\"img\" data-img-width=\"1920\" data-img-height=\"450\" style=\"background-image: url(https:\/\/grupcam.com.tr\/wp-content\/uploads\/2024\/01\/uretim-img.jpg);\"><\/div><div class=\"l-section-h i-cf\"><div class=\"g-cols vc_row via_flex valign_top type_default stacking_default\"><div class=\"vc_col-sm-12 wpb_column vc_column_container\"><div class=\"vc_column-inner\"><div class=\"wpb_wrapper\"><\/div><\/div><\/div><\/div><\/div><\/section><section class=\"l-section wpb_row height_custom\"><div class=\"l-section-h i-cf\"><div class=\"g-cols vc_row via_flex valign_top type_default stacking_default\"><div class=\"vc_col-sm-12 wpb_column vc_column_container\"><div class=\"vc_column-inner\"><div class=\"wpb_wrapper\"><div class=\"wpb_text_column\"><div class=\"wpb_wrapper\"><h2 style=\"text-align: center;\">\u00dcRET\u0130M<\/h2>\n<\/div><\/div><div class=\"w-separator size_medium\"><\/div><div class=\"wpb_text_column uretimtablo\"><div class=\"wpb_wrapper\"><table>\n<thead>\n<tr>\n<th>\u0130\u015flem<\/th>\n<th>Makinalar<\/th>\n<th>Teknik \u00d6zellikler<\/th>\n<\/tr>\n<\/thead>\n<tbody>\n<tr>\n<td>Stok Alan\u0131<\/td>\n<td>Tam Otomatik Jumbo Cam Stoklama Sistemi (\u00d6zel Geli\u015ftirme)<\/td>\n<td>28 \u00e7ekmece<\/td>\n<\/tr>\n<tr>\n<td rowspan=\"2\">Kesim<\/td>\n<td>Bottero Otomatik Jumbo Boy Cam Kesim Hatt\u0131<\/td>\n<td>6000 x 3210 mm<\/td>\n<\/tr>\n<tr>\n<td>Bottero Otomatik Jumbo Boy Lamine Cam Kesim Hatt\u0131<\/td>\n<td>6000 x 3210 mm<\/td>\n<\/tr>\n<tr>\n<td rowspan=\"4\">Kenar \u0130\u015fleme<\/td>\n<td>North Glass Dik Z\u0131mpara ve Y\u0131kama Hatt\u0131<\/td>\n<td>6000 x 2800 mm<\/td>\n<\/tr>\n<tr>\n<td>Deka Makine Rodaj<\/td>\n<td>&#8211;<\/td>\n<\/tr>\n<tr>\n<td>Guangdong Jinbo Yatay Double-Edger Rodaj Hatt\u0131<\/td>\n<td>2500x4500mm maks. ebat<\/td>\n<\/tr>\n<tr>\n<td>Weili Dikey CNC Cam \u0130\u015fleme ve Delik Makinesi<\/td>\n<td>2000x3000mm maks. ebat<\/td>\n<\/tr>\n<tr>\n<td rowspan=\"2\">Boya<\/td>\n<td>Ultra Teknik Serigrafi \u0130pek Bask\u0131<\/td>\n<td>Geni\u015flik 1950 mm<\/td>\n<\/tr>\n<tr>\n<td>UV Tech Rulo Boya Makinesi<\/td>\n<td>Geni\u015flik 1800 mm<\/td>\n<\/tr>\n<tr>\n<td>Temperleme<\/td>\n<td>North Glass Konveksiyonel Temper F\u0131r\u0131n\u0131<\/td>\n<td>2500H x 5000 mm<\/td>\n<\/tr>\n<tr>\n<td>Laminasyon<\/td>\n<td>MersGlass Tam Otomatik Otoklavs\u0131z Laminasyon Hatt\u0131<\/td>\n<td>2440 x 3660 mm \/ maks. kal\u0131nl\u0131k 40mm<\/td>\n<\/tr>\n<tr>\n<td rowspan=\"4\">Test Cihazlar\u0131<\/td>\n<td>Besmak Mekanik Dayan\u0131kl\u0131l\u0131k Test Cihaz\u0131<\/td>\n<td>&#8211;<\/td>\n<\/tr>\n<tr>\n<td>TMB Heat Soak Tesk Cihaz\u0131<\/td>\n<td><\/td>\n<\/tr>\n<tr>\n<td>Darbe Test Cihaz\u0131<\/td>\n<td><\/td>\n<\/tr>\n<tr>\n<td>Lamine Cam Kaynama Test Cihaz\u0131<\/td>\n<td><\/td>\n<\/tr>\n<tr>\n<td rowspan=\"3\">\u00c7ok Katl\u0131 Yal\u0131t\u0131m Cam\u0131 \u00dcretimi<\/td>\n<td>\u00c7ok Katl\u0131 Yal\u0131t\u0131m Cam\u0131 \u00dcretim Hatt\u0131 (\u00d6zel Geli\u015ftirme)<\/td>\n<td>2000H x 2000 mm<\/td>\n<\/tr>\n<tr>\n<td>Weili Tam Otomatik Dolgu Robotu<\/td>\n<td>2000H x 4000 mm<\/td>\n<\/tr>\n<tr>\n<td>Weili Tam Otomatik \u00c7ok Katl\u0131 Yal\u0131t\u0131m Cam\u0131 \u00dcretim Hatt\u0131 (dolgu robotu ve hat \u00fcst\u00fcnde argon gaz\u0131 dolumu)<\/td>\n<td>2500H x 4000 mm<\/td>\n<\/tr>\n<\/tbody>\n<\/table>\n<\/div><\/div><\/div><\/div><\/div><\/div><\/div><\/section>\n","protected":false},"excerpt":{"rendered":"\u00dcRET\u0130M \u0130\u015flem Makinalar Teknik \u00d6zellikler Stok Alan\u0131 Tam Otomatik Jumbo Cam Stoklama Sistemi (\u00d6zel Geli\u015ftirme) 28 \u00e7ekmece Kesim Bottero Otomatik Jumbo Boy Cam Kesim Hatt\u0131 6000 x 3210 mm Bottero Otomatik Jumbo Boy Lamine Cam Kesim Hatt\u0131 6000 x 3210 mm Kenar \u0130\u015fleme North Glass Dik Z\u0131mpara ve Y\u0131kama Hatt\u0131 6000 x 2800 mm Deka...","protected":false},"author":1,"featured_media":0,"parent":0,"menu_order":0,"comment_status":"closed","ping_status":"closed","template":"","meta":{"_acf_changed":false,"footnotes":""},"class_list":["post-8505","page","type-page","status-publish","hentry"],"acf":[],"_links":{"self":[{"href":"https:\/\/grupcam.com.tr\/tr\/wp-json\/wp\/v2\/pages\/8505","targetHints":{"allow":["GET"]}}],"collection":[{"href":"https:\/\/grupcam.com.tr\/tr\/wp-json\/wp\/v2\/pages"}],"about":[{"href":"https:\/\/grupcam.com.tr\/tr\/wp-json\/wp\/v2\/types\/page"}],"author":[{"embeddable":true,"href":"https:\/\/grupcam.com.tr\/tr\/wp-json\/wp\/v2\/users\/1"}],"replies":[{"embeddable":true,"href":"https:\/\/grupcam.com.tr\/tr\/wp-json\/wp\/v2\/comments?post=8505"}],"version-history":[{"count":10,"href":"https:\/\/grupcam.com.tr\/tr\/wp-json\/wp\/v2\/pages\/8505\/revisions"}],"predecessor-version":[{"id":9312,"href":"https:\/\/grupcam.com.tr\/tr\/wp-json\/wp\/v2\/pages\/8505\/revisions\/9312"}],"wp:attachment":[{"href":"https:\/\/grupcam.com.tr\/tr\/wp-json\/wp\/v2\/media?parent=8505"}],"curies":[{"name":"wp","href":"https:\/\/api.w.org\/{rel}","templated":true}]}}