{"id":9226,"date":"2024-05-29T15:04:38","date_gmt":"2024-05-29T12:04:38","guid":{"rendered":"https:\/\/grupcam.com.tr\/?page_id=9226"},"modified":"2025-11-18T15:29:32","modified_gmt":"2025-11-18T12:29:32","slug":"kvkk","status":"publish","type":"page","link":"https:\/\/grupcam.com.tr\/tr\/kvkk\/","title":{"rendered":"KVKK"},"content":{"rendered":"<section class=\"l-section wpb_row us_custom_3e1e967c height_custom with_img\"><div class=\"l-section-img\" role=\"img\" data-img-width=\"1920\" data-img-height=\"450\" style=\"background-image: url(https:\/\/grupcam.com.tr\/wp-content\/uploads\/2024\/01\/hakkimizda-img.jpg);\"><\/div><div class=\"l-section-h i-cf\"><div class=\"g-cols vc_row via_flex valign_top type_default stacking_default\"><div class=\"vc_col-sm-12 wpb_column vc_column_container\"><div class=\"vc_column-inner\"><div class=\"wpb_wrapper\"><\/div><\/div><\/div><\/div><\/div><\/section><section class=\"l-section wpb_row height_custom\"><div class=\"l-section-h i-cf\"><div class=\"g-cols vc_row via_flex valign_top type_default stacking_default\"><div class=\"vc_col-sm-12 wpb_column vc_column_container\"><div class=\"vc_column-inner\"><div class=\"wpb_wrapper\"><div class=\"wpb_text_column\"><div class=\"wpb_wrapper\"><h2 style=\"text-align: center;\">KVKK<\/h2>\n<\/div><\/div><div class=\"w-separator size_medium\"><\/div><div class=\"wpb_text_column\"><div class=\"wpb_wrapper\"><p><a href=\"https:\/\/grupcam.com.tr\/wp-content\/uploads\/2024\/05\/ziyaretci-aydinlatma-metni.pdf\" target=\"_blank\" rel=\"noopener\">Ziyaret\u00e7i Ayd\u0131nlatma Metni i\u00e7in t\u0131klay\u0131n\u0131z.<\/a><\/p>\n<p><a href=\"https:\/\/grupcam.com.tr\/wp-content\/uploads\/2024\/05\/calisan-adayi-aydinlatma-metni.pdf\" target=\"_blank\" rel=\"noopener\">\u00c7al\u0131\u015fan Aday\u0131 Ayd\u0131nlatma Metni i\u00e7in t\u0131klay\u0131n\u0131z<\/a><\/p>\n<p><a href=\"https:\/\/grupcam.com.tr\/wp-content\/uploads\/2024\/05\/calisan-aydinlatma-metni.pdf\" target=\"_blank\" rel=\"noopener\">\u00c7al\u0131\u015fan Ayd\u0131nlatma Metni i\u00e7in t\u0131klay\u0131n\u0131z<\/a><\/p>\n<p><a href=\"https:\/\/grupcam.com.tr\/wp-content\/uploads\/2024\/05\/tedarikci-vb-aydinlatma-metni.pdf\" target=\"_blank\" rel=\"noopener\">Tedarik\u00e7i, \u0130\u015f Orta\u011f\u0131, vb. Ayd\u0131nlatma Metni i\u00e7in t\u0131klay\u0131n\u0131z<\/a><\/p>\n<p><a href=\"https:\/\/grupcam.com.tr\/wp-content\/uploads\/2024\/05\/kvkk-basvuru-formu.pdf\" target=\"_blank\" rel=\"noopener\">KVKK Ba\u015fvuru Formu i\u00e7in t\u0131klay\u0131n\u0131z.<\/a><\/p>\n<p><a href=\"https:\/\/grupcam.com.tr\/tr\/cerez-politikasi\/\">\u00c7erez Politikas\u0131 i\u00e7in t\u0131klay\u0131n\u0131z.<\/a><\/p>\n<\/div><\/div><\/div><\/div><\/div><\/div><\/div><\/section>\n","protected":false},"excerpt":{"rendered":"KVKK Ziyaret\u00e7i Ayd\u0131nlatma Metni i\u00e7in t\u0131klay\u0131n\u0131z. \u00c7al\u0131\u015fan Aday\u0131 Ayd\u0131nlatma Metni i\u00e7in t\u0131klay\u0131n\u0131z \u00c7al\u0131\u015fan Ayd\u0131nlatma Metni i\u00e7in t\u0131klay\u0131n\u0131z Tedarik\u00e7i, \u0130\u015f Orta\u011f\u0131, vb. Ayd\u0131nlatma Metni i\u00e7in t\u0131klay\u0131n\u0131z KVKK Ba\u015fvuru Formu i\u00e7in t\u0131klay\u0131n\u0131z. \u00c7erez Politikas\u0131 i\u00e7in t\u0131klay\u0131n\u0131z.","protected":false},"author":1,"featured_media":0,"parent":0,"menu_order":0,"comment_status":"closed","ping_status":"closed","template":"","meta":{"_acf_changed":false,"footnotes":""},"class_list":["post-9226","page","type-page","status-publish","hentry"],"acf":[],"_links":{"self":[{"href":"https:\/\/grupcam.com.tr\/tr\/wp-json\/wp\/v2\/pages\/9226","targetHints":{"allow":["GET"]}}],"collection":[{"href":"https:\/\/grupcam.com.tr\/tr\/wp-json\/wp\/v2\/pages"}],"about":[{"href":"https:\/\/grupcam.com.tr\/tr\/wp-json\/wp\/v2\/types\/page"}],"author":[{"embeddable":true,"href":"https:\/\/grupcam.com.tr\/tr\/wp-json\/wp\/v2\/users\/1"}],"replies":[{"embeddable":true,"href":"https:\/\/grupcam.com.tr\/tr\/wp-json\/wp\/v2\/comments?post=9226"}],"version-history":[{"count":4,"href":"https:\/\/grupcam.com.tr\/tr\/wp-json\/wp\/v2\/pages\/9226\/revisions"}],"predecessor-version":[{"id":9343,"href":"https:\/\/grupcam.com.tr\/tr\/wp-json\/wp\/v2\/pages\/9226\/revisions\/9343"}],"wp:attachment":[{"href":"https:\/\/grupcam.com.tr\/tr\/wp-json\/wp\/v2\/media?parent=9226"}],"curies":[{"name":"wp","href":"https:\/\/api.w.org\/{rel}","templated":true}]}}