{"id":9341,"date":"2025-11-18T15:28:49","date_gmt":"2025-11-18T12:28:49","guid":{"rendered":"https:\/\/grupcam.com.tr\/?page_id=9341"},"modified":"2025-11-18T15:28:49","modified_gmt":"2025-11-18T12:28:49","slug":"cerez-politikasi","status":"publish","type":"page","link":"https:\/\/grupcam.com.tr\/tr\/cerez-politikasi\/","title":{"rendered":"\u00c7erez Politikas\u0131"},"content":{"rendered":"<section class=\"l-section wpb_row us_custom_3e1e967c height_custom with_img\"><div class=\"l-section-img\" role=\"img\" data-img-width=\"1920\" data-img-height=\"450\" style=\"background-image: url(https:\/\/grupcam.com.tr\/wp-content\/uploads\/2024\/01\/hakkimizda-img.jpg);\"><\/div><div class=\"l-section-h i-cf\"><div class=\"g-cols vc_row via_flex valign_top type_default stacking_default\"><div class=\"vc_col-sm-12 wpb_column vc_column_container\"><div class=\"vc_column-inner\"><div class=\"wpb_wrapper\"><\/div><\/div><\/div><\/div><\/div><\/section><section class=\"l-section wpb_row height_custom\"><div class=\"l-section-h i-cf\"><div class=\"g-cols vc_row via_flex valign_top type_default stacking_default\"><div class=\"vc_col-sm-12 wpb_column vc_column_container\"><div class=\"vc_column-inner\"><div class=\"wpb_wrapper\"><div class=\"wpb_text_column\"><div class=\"wpb_wrapper\"><div id=\"model-response-message-contentr_587e52749f74bf9f\" class=\"markdown markdown-main-panel stronger enable-updated-hr-color\" dir=\"ltr\" aria-live=\"polite\" aria-busy=\"false\">\n<p data-path-to-node=\"4\"><b>Son G\u00fcncelleme Tarihi:<\/b> 18.11.2025<\/p>\n<p data-path-to-node=\"5\"><b>Grup Cam<\/b> (<code>grupcam.com.tr<\/code>) olarak, web sitemizi ziyaret eden kullan\u0131c\u0131lar\u0131m\u0131z\u0131n gizlili\u011fine ve ki\u015fisel verilerinin g\u00fcvenli\u011fine \u00f6nem veriyoruz. Bu \u00c7erez Politikas\u0131, web sitemizde kullan\u0131lan \u00e7erezlerin t\u00fcrlerini, kullan\u0131m ama\u00e7lar\u0131n\u0131 ve bu \u00e7erezleri nas\u0131l y\u00f6netebilece\u011finizi a\u00e7\u0131klamaktad\u0131r.<\/p>\n<h3>1. \u00c7erez (Cookie) Nedir?<\/h3>\n<p data-path-to-node=\"7\">\u00c7erezler, ziyaret etti\u011finiz web siteleri taraf\u0131ndan taray\u0131c\u0131n\u0131za g\u00f6nderilen ve cihaz\u0131n\u0131zda (bilgisayar, tablet, telefon vb.) saklanan k\u00fc\u00e7\u00fck metin dosyalar\u0131d\u0131r. \u00c7erezler, web sitesinin daha verimli \u00e7al\u0131\u015fmas\u0131n\u0131, ki\u015fisel tercihlerinizin hat\u0131rlanmas\u0131n\u0131 ve site trafi\u011finin analiz edilmesini sa\u011flar.<\/p>\n<h3>2. Hangi \u00c7erezleri Kullan\u0131yoruz?<\/h3>\n<p data-path-to-node=\"9\">Web sitemizde a\u015fa\u011f\u0131da belirtilen farkl\u0131 ama\u00e7larla \u00e7e\u015fitli \u00e7erezler kullan\u0131lmaktad\u0131r:<\/p>\n<h4>A. Zorunlu ve Fonksiyonel \u00c7erezler<\/h4>\n<p data-path-to-node=\"11\">Bu \u00e7erezler, web sitesinin temel fonksiyonlar\u0131n\u0131n \u00e7al\u0131\u015fmas\u0131 ve tercihlerinizin (\u00f6rne\u011fin dil se\u00e7imi) hat\u0131rlanmas\u0131 i\u00e7in gereklidir.<\/p>\n<table data-path-to-node=\"12\">\n<thead>\n<tr>\n<td><strong>\u00c7erez Ad\u0131<\/strong><\/td>\n<td><strong>Sa\u011flay\u0131c\u0131<\/strong><\/td>\n<td><strong>S\u00fcre<\/strong><\/td>\n<td><strong>A\u00e7\u0131klama<\/strong><\/td>\n<\/tr>\n<\/thead>\n<tbody>\n<tr>\n<td data-path-to-node=\"12,1,0,0\"><b>wp-wpml_current_language<\/b><\/td>\n<td data-path-to-node=\"12,1,1,0\">grupcam.com.tr<\/td>\n<td data-path-to-node=\"12,1,2,0\">Oturum Boyunca<\/td>\n<td data-path-to-node=\"12,1,3,0\">Mevcut dil ayarlar\u0131n\u0131z\u0131 saklamak i\u00e7in WordPress \u00e7ok dilli eklentisi taraf\u0131ndan kullan\u0131l\u0131r.<\/td>\n<\/tr>\n<\/tbody>\n<\/table>\n<h4>B. Analiz ve Performans \u00c7erezleri<\/h4>\n<p data-path-to-node=\"14\">Bu \u00e7erezler, ziyaret\u00e7ilerin web sitemizi nas\u0131l kulland\u0131\u011f\u0131n\u0131 analiz etmemize, ziyaret\u00e7i say\u0131lar\u0131n\u0131 takip etmemize ve site performans\u0131n\u0131 iyile\u015ftirmemize yard\u0131mc\u0131 olur. Veriler anonim olarak toplan\u0131r.<\/p>\n<table data-path-to-node=\"15\">\n<thead>\n<tr>\n<td><strong>\u00c7erez Ad\u0131<\/strong><\/td>\n<td><strong>Sa\u011flay\u0131c\u0131<\/strong><\/td>\n<td><strong>S\u00fcre<\/strong><\/td>\n<td><strong>A\u00e7\u0131klama<\/strong><\/td>\n<\/tr>\n<\/thead>\n<tbody>\n<tr>\n<td data-path-to-node=\"15,1,0,0\"><b>_ga<\/b><\/td>\n<td data-path-to-node=\"15,1,1,0\">Google Analytics<\/td>\n<td data-path-to-node=\"15,1,2,0\">1 Y\u0131l 1 Ay<\/td>\n<td data-path-to-node=\"15,1,3,0\">Ziyaret\u00e7i, oturum ve kampanya verilerini hesaplar ve site analiz raporu i\u00e7in site kullan\u0131m\u0131n\u0131 izler. Ziyaret\u00e7ileri anonim olarak tan\u0131mlamak i\u00e7in rastgele bir numara atar.<\/td>\n<\/tr>\n<tr>\n<td data-path-to-node=\"15,2,0,0\"><b><i>ga<\/i><\/b>*<\/td>\n<td data-path-to-node=\"15,2,1,0\">Google Analytics<\/td>\n<td data-path-to-node=\"15,2,2,0\">1 Y\u0131l 1 Ay<\/td>\n<td data-path-to-node=\"15,2,3,0\">Google Analytics taraf\u0131ndan sayfa g\u00f6r\u00fcnt\u00fclemelerini saklamak ve saymak i\u00e7in kullan\u0131l\u0131r.<\/td>\n<\/tr>\n<\/tbody>\n<\/table>\n<h4>C. Reklam ve Hedefleme \u00c7erezleri<\/h4>\n<p data-path-to-node=\"17\">Bu \u00e7erezler, ilgi alanlar\u0131n\u0131za uygun i\u00e7erikler ve reklamlar sunmak amac\u0131yla kullan\u0131l\u0131r. Ayr\u0131ca reklam kampanyalar\u0131n\u0131n verimlili\u011fini \u00f6l\u00e7memize yarar.<\/p>\n<table data-path-to-node=\"18\">\n<thead>\n<tr>\n<td><strong>\u00c7erez Ad\u0131<\/strong><\/td>\n<td><strong>Sa\u011flay\u0131c\u0131<\/strong><\/td>\n<td><strong>S\u00fcre<\/strong><\/td>\n<td><strong>A\u00e7\u0131klama<\/strong><\/td>\n<\/tr>\n<\/thead>\n<tbody>\n<tr>\n<td data-path-to-node=\"18,1,0,0\"><b>_fbp<\/b><\/td>\n<td data-path-to-node=\"18,1,1,0\">Facebook (Meta)<\/td>\n<td data-path-to-node=\"18,1,2,0\">3 Ay<\/td>\n<td data-path-to-node=\"18,1,3,0\">Facebook taraf\u0131ndan, reklamlar\u0131n g\u00f6r\u00fcnt\u00fclenmesi ve etkile\u015fimlerin takibi amac\u0131yla kullan\u0131l\u0131r.<\/td>\n<\/tr>\n<\/tbody>\n<\/table>\n<h4>D. Di\u011fer \/ S\u0131n\u0131fland\u0131r\u0131lmam\u0131\u015f \u00c7erezler<\/h4>\n<p data-path-to-node=\"20\">Bu \u00e7erezler hen\u00fcz belirli bir kategoriye atanmam\u0131\u015f ancak site trafi\u011finin kayna\u011f\u0131n\u0131 takip etmek i\u00e7in kullan\u0131lan teknik \u00e7erezlerdir.<\/p>\n<table data-path-to-node=\"21\">\n<thead>\n<tr>\n<td><strong>\u00c7erez Ad\u0131<\/strong><\/td>\n<td><strong>Sa\u011flay\u0131c\u0131<\/strong><\/td>\n<td><strong>S\u00fcre<\/strong><\/td>\n<td><strong>A\u00e7\u0131klama<\/strong><\/td>\n<\/tr>\n<\/thead>\n<tbody>\n<tr>\n<td data-path-to-node=\"21,1,0,0\"><b>lastExternalReferrer<\/b><\/td>\n<td data-path-to-node=\"21,1,1,0\">grupcam.com.tr<\/td>\n<td data-path-to-node=\"21,1,2,0\">Kal\u0131c\u0131\/Tan\u0131ms\u0131z<\/td>\n<td data-path-to-node=\"21,1,3,0\">Kullan\u0131c\u0131n\u0131n siteye hangi d\u0131\u015f kaynaktan geldi\u011fini takip eder.<\/td>\n<\/tr>\n<tr>\n<td data-path-to-node=\"21,2,0,0\"><b>lastExternalReferrerTime<\/b><\/td>\n<td data-path-to-node=\"21,2,1,0\">grupcam.com.tr<\/td>\n<td data-path-to-node=\"21,2,2,0\">Kal\u0131c\u0131\/Tan\u0131ms\u0131z<\/td>\n<td data-path-to-node=\"21,2,3,0\">Son d\u0131\u015f referans\u0131n zaman\u0131n\u0131 kaydeder.<\/td>\n<\/tr>\n<tr>\n<td data-path-to-node=\"21,3,0,0\"><b>topicsLastReferenceTime<\/b><\/td>\n<td data-path-to-node=\"21,3,1,0\">grupcam.com.tr<\/td>\n<td data-path-to-node=\"21,3,2,0\">Kal\u0131c\u0131\/Tan\u0131ms\u0131z<\/td>\n<td data-path-to-node=\"21,3,3,0\">Konu referans zamanlamalar\u0131n\u0131 takip eder.<\/td>\n<\/tr>\n<\/tbody>\n<\/table>\n<h3>3. \u00c7erezlerin Y\u00f6netimi ve Silinmesi<\/h3>\n<p data-path-to-node=\"23\">\u00c7erez kullan\u0131m\u0131n\u0131 taray\u0131c\u0131 ayarlar\u0131n\u0131zdan de\u011fi\u015ftirebilir, engelleyebilir veya silebilirsiniz. Ancak, \u00e7erezleri devre d\u0131\u015f\u0131 b\u0131rakman\u0131z durumunda web sitemizin baz\u0131 \u00f6zelliklerinin (\u00f6rne\u011fin dil tercihlerinin hat\u0131rlanmas\u0131) d\u00fczg\u00fcn \u00e7al\u0131\u015fmayabilece\u011fini unutmay\u0131n\u0131z.<\/p>\n<p data-path-to-node=\"24\">\u00c7erezleri taray\u0131c\u0131n\u0131zdan y\u00f6netmek i\u00e7in a\u015fa\u011f\u0131daki ba\u011flant\u0131lardan yard\u0131m alabilirsiniz:<\/p>\n<ul data-path-to-node=\"25\">\n<li>\n<p data-path-to-node=\"25,0,0\"><b>Google Chrome:<\/b> Ayarlar &gt; Gizlilik ve G\u00fcvenlik &gt; \u00c7erezler<\/p>\n<\/li>\n<li>\n<p data-path-to-node=\"25,1,0\"><b>Mozilla Firefox:<\/b> Se\u00e7enekler &gt; Gizlilik ve G\u00fcvenlik &gt; \u00c7erezler<\/p>\n<\/li>\n<li>\n<p data-path-to-node=\"25,2,0\"><b>Safari:<\/b> Tercihler &gt; Gizlilik<\/p>\n<\/li>\n<li>\n<p data-path-to-node=\"25,3,0\"><b>Internet Explorer \/ Edge:<\/b> Ayarlar &gt; Gizlilik ve G\u00fcvenlik<\/p>\n<\/li>\n<\/ul>\n<h3>4. \u0130leti\u015fim<\/h3>\n<p data-path-to-node=\"27\">Bu \u00c7erez Politikas\u0131 hakk\u0131nda sorular\u0131n\u0131z veya g\u00f6r\u00fc\u015fleriniz i\u00e7in bizimle ileti\u015fime ge\u00e7ebilirsiniz:<\/p>\n<ul data-path-to-node=\"28\">\n<li>\n<p data-path-to-node=\"28,0,0\"><b>E-posta:<\/b> <a href=\"mailto:info@grupcam.com.tr\" target=\"_blank\" rel=\"noopener\">info@grupcam.com.tr<\/a><\/p>\n<\/li>\n<li>\n<p data-path-to-node=\"28,1,0\"><b>Adres:<\/b> Anadolu OSB Dumlup\u0131nar Cad. No: 10 Mal\u0131k\u00f6y \/ Ankara<\/p>\n<\/li>\n<\/ul>\n<\/div>\n<\/div><\/div><\/div><\/div><\/div><\/div><\/div><\/section>\n","protected":false},"excerpt":{"rendered":"Son G\u00fcncelleme Tarihi: 18.11.2025 Grup Cam (grupcam.com.tr) olarak, web sitemizi ziyaret eden kullan\u0131c\u0131lar\u0131m\u0131z\u0131n gizlili\u011fine ve ki\u015fisel verilerinin g\u00fcvenli\u011fine \u00f6nem veriyoruz. Bu \u00c7erez Politikas\u0131, web sitemizde kullan\u0131lan \u00e7erezlerin t\u00fcrlerini, kullan\u0131m ama\u00e7lar\u0131n\u0131 ve bu \u00e7erezleri nas\u0131l y\u00f6netebilece\u011finizi a\u00e7\u0131klamaktad\u0131r. 1. \u00c7erez (Cookie) Nedir? \u00c7erezler, ziyaret etti\u011finiz web siteleri taraf\u0131ndan taray\u0131c\u0131n\u0131za g\u00f6nderilen ve cihaz\u0131n\u0131zda (bilgisayar, tablet, telefon vb.) saklanan...","protected":false},"author":1,"featured_media":0,"parent":0,"menu_order":0,"comment_status":"closed","ping_status":"closed","template":"","meta":{"_acf_changed":false,"footnotes":""},"class_list":["post-9341","page","type-page","status-publish","hentry"],"acf":[],"_links":{"self":[{"href":"https:\/\/grupcam.com.tr\/tr\/wp-json\/wp\/v2\/pages\/9341","targetHints":{"allow":["GET"]}}],"collection":[{"href":"https:\/\/grupcam.com.tr\/tr\/wp-json\/wp\/v2\/pages"}],"about":[{"href":"https:\/\/grupcam.com.tr\/tr\/wp-json\/wp\/v2\/types\/page"}],"author":[{"embeddable":true,"href":"https:\/\/grupcam.com.tr\/tr\/wp-json\/wp\/v2\/users\/1"}],"replies":[{"embeddable":true,"href":"https:\/\/grupcam.com.tr\/tr\/wp-json\/wp\/v2\/comments?post=9341"}],"version-history":[{"count":1,"href":"https:\/\/grupcam.com.tr\/tr\/wp-json\/wp\/v2\/pages\/9341\/revisions"}],"predecessor-version":[{"id":9342,"href":"https:\/\/grupcam.com.tr\/tr\/wp-json\/wp\/v2\/pages\/9341\/revisions\/9342"}],"wp:attachment":[{"href":"https:\/\/grupcam.com.tr\/tr\/wp-json\/wp\/v2\/media?parent=9341"}],"curies":[{"name":"wp","href":"https:\/\/api.w.org\/{rel}","templated":true}]}}